{"id":7500,"date":"2024-03-20T15:12:31","date_gmt":"2024-03-20T15:12:31","guid":{"rendered":"https:\/\/suis.com\/?page_id=7500"},"modified":"2024-03-23T13:26:01","modified_gmt":"2024-03-23T13:26:01","slug":"wastewater-treatment-reuse-expertise","status":"publish","type":"page","link":"https:\/\/suis.com\/ceviri\/wastewater-treatment-reuse-expertise\/","title":{"rendered":"Wastewater Treatment &#038; Reuse-Expertise"},"content":{"rendered":"<div data-elementor-type=\"wp-page\" data-elementor-id=\"7500\" class=\"elementor elementor-7500\" data-elementor-post-type=\"page\">\n\t\t\t\t\t\t<section data-particle_enable=\"false\" data-particle-mobile-disabled=\"false\" class=\"elementor-section elementor-top-section elementor-element elementor-element-720e8c8f elementor-section-full_width elementor-section-height-default elementor-section-height-default\" data-id=\"720e8c8f\" data-element_type=\"section\" data-settings=\"{&quot;background_background&quot;:&quot;classic&quot;,&quot;_ha_eqh_enable&quot;:false}\">\n\t\t\t\t\t\t\t<div class=\"elementor-background-overlay\"><\/div>\n\t\t\t\t\t\t\t<div class=\"elementor-container elementor-column-gap-default\">\n\t\t\t\t\t<div class=\"elementor-column elementor-col-100 elementor-top-column elementor-element elementor-element-fb86062\" data-id=\"fb86062\" data-element_type=\"column\" data-settings=\"{&quot;background_background&quot;:&quot;classic&quot;}\">\n\t\t\t<div class=\"elementor-widget-wrap elementor-element-populated\">\n\t\t\t\t\t\t<div class=\"elementor-element elementor-element-261e4aee elementor-widget elementor-widget-button\" data-id=\"261e4aee\" data-element_type=\"widget\" data-widget_type=\"button.default\">\n\t\t\t\t<div class=\"elementor-widget-container\">\n\t\t\t\t\t<div class=\"elementor-button-wrapper\">\n\t\t\t<a class=\"elementor-button elementor-size-sm\" role=\"button\">\n\t\t\t\t\t\t<span class=\"elementor-button-content-wrapper\">\n\t\t\t\t\t\t<span class=\"elementor-button-text\">At\u0131ksu Ar\u0131tma &amp; Yeniden Kullan\u0131m<\/span>\n\t\t<\/span>\n\t\t\t\t\t<\/a>\n\t\t<\/div>\n\t\t\t\t<\/div>\n\t\t\t\t<\/div>\n\t\t\t\t\t<\/div>\n\t\t<\/div>\n\t\t\t\t\t<\/div>\n\t\t<\/section>\n\t\t\t\t<section data-particle_enable=\"false\" data-particle-mobile-disabled=\"false\" class=\"elementor-section elementor-top-section elementor-element elementor-element-1362cbd elementor-section-boxed elementor-section-height-default elementor-section-height-default\" data-id=\"1362cbd\" data-element_type=\"section\" id=\"about\" data-settings=\"{&quot;_ha_eqh_enable&quot;:false}\">\n\t\t\t\t\t\t<div class=\"elementor-container elementor-column-gap-default\">\n\t\t\t\t\t<div class=\"elementor-column elementor-col-100 elementor-top-column elementor-element elementor-element-ac17b60\" data-id=\"ac17b60\" data-element_type=\"column\">\n\t\t\t<div class=\"elementor-widget-wrap elementor-element-populated\">\n\t\t\t\t\t\t<div class=\"elementor-element elementor-element-6c62507 elementor-widget elementor-widget-heading bdevs-el heading\" data-id=\"6c62507\" data-element_type=\"widget\" data-settings=\"{&quot;design_style&quot;:&quot;style_2&quot;}\" data-widget_type=\"heading.default\">\n\t\t\t\t<div class=\"elementor-widget-container\">\n\t\t\t<style>\/*! elementor - v3.20.0 - 26-03-2024 *\/\n.elementor-heading-title{padding:0;margin:0;line-height:1}.elementor-widget-heading .elementor-heading-title[class*=elementor-size-]>a{color:inherit;font-size:inherit;line-height:inherit}.elementor-widget-heading .elementor-heading-title.elementor-size-small{font-size:15px}.elementor-widget-heading .elementor-heading-title.elementor-size-medium{font-size:19px}.elementor-widget-heading .elementor-heading-title.elementor-size-large{font-size:29px}.elementor-widget-heading .elementor-heading-title.elementor-size-xl{font-size:39px}.elementor-widget-heading .elementor-heading-title.elementor-size-xxl{font-size:59px}<\/style>\r\n                    <div class=\"section_title_area position-relative pt-120 bdevs-el-content\">\r\n                <div class=\"container\">\r\n                    <div class=\"row mb-80\">\r\n                        <div class=\"col-lg-6\">\r\n                            <div class=\"about1__title-left\">\r\n                                <div class=\"title_style1 text-right\">\r\n                                    \r\n                                    <h2 class=\"section-title bdevs-el-title\">Wastewater Treatment &amp; Reuse<\/h2>                                <\/div>\r\n                            <\/div>\r\n                        <\/div>\r\n                                                    <div class=\"col-lg-6\">\r\n                                <div class=\"about1__title-right\">\r\n                                    <p>We assist in the development of smart water networks and developed asset management approaches. Additionally, we provide guidance on water re-use and desalination solutions for clients in both public and private sectors.<\/p>\r\n                                <\/div>\r\n                            <\/div>\r\n                                            <\/div>\r\n                <\/div>\r\n            <\/div>\r\n\r\n        \r\n\t\t<\/div>\n\t\t\t\t<\/div>\n\t\t\t\t\t<\/div>\n\t\t<\/div>\n\t\t\t\t\t<\/div>\n\t\t<\/section>\n\t\t<div data-particle_enable=\"false\" data-particle-mobile-disabled=\"false\" class=\"elementor-element elementor-element-77966418 e-flex e-con-boxed e-con e-parent\" data-id=\"77966418\" data-element_type=\"container\" data-settings=\"{&quot;_ha_eqh_enable&quot;:false}\" data-core-v316-plus=\"true\">\n\t\t\t\t\t<div class=\"e-con-inner\">\n\t\t\t\t<div class=\"elementor-element elementor-element-efded8b elementor-widget elementor-widget-text-editor\" data-id=\"efded8b\" data-element_type=\"widget\" data-widget_type=\"text-editor.default\">\n\t\t\t\t<div class=\"elementor-widget-container\">\n\t\t\t<style>\/*! elementor - v3.20.0 - 26-03-2024 *\/\n.elementor-widget-text-editor.elementor-drop-cap-view-stacked .elementor-drop-cap{background-color:#69727d;color:#fff}.elementor-widget-text-editor.elementor-drop-cap-view-framed .elementor-drop-cap{color:#69727d;border:3px solid;background-color:transparent}.elementor-widget-text-editor:not(.elementor-drop-cap-view-default) .elementor-drop-cap{margin-top:8px}.elementor-widget-text-editor:not(.elementor-drop-cap-view-default) .elementor-drop-cap-letter{width:1em;height:1em}.elementor-widget-text-editor .elementor-drop-cap{float:left;text-align:center;line-height:1;font-size:50px}.elementor-widget-text-editor .elementor-drop-cap-letter{display:inline-block}<\/style>\t\t\t\tRELATED PROJECTS \t\t\t\t\t\t<\/div>\n\t\t\t\t<\/div>\n\t\t\t\t<div class=\"elementor-element elementor-element-639942e9 elementor-aspect-ratio-169 elementor-widget elementor-widget-sky-luster-carousel\" data-id=\"639942e9\" data-element_type=\"widget\" data-widget_type=\"sky-luster-carousel.default\">\n\t\t\t\t<div class=\"elementor-widget-container\">\n\t\t\t\n\t\t<div data-settings=\"{&quot;direction&quot;:&quot;horizontal&quot;,&quot;autoplay&quot;:{&quot;delay&quot;:5000},&quot;loop&quot;:true,&quot;speed&quot;:500,&quot;slidesPerView&quot;:1,&quot;slidesPerGroup&quot;:1,&quot;spaceBetween&quot;:10,&quot;effect&quot;:&quot;slide&quot;,&quot;coverflowEffect&quot;:{&quot;depth&quot;:100,&quot;modifier&quot;:1,&quot;rotate&quot;:50,&quot;stretch&quot;:0,&quot;slideShadows&quot;:false},&quot;flipEffect&quot;:{&quot;slideShadows&quot;:false},&quot;cubeEffect&quot;:{&quot;slideShadows&quot;:false},&quot;observer&quot;:true,&quot;observeParents&quot;:true,&quot;watchSlidesVisibility&quot;:true,&quot;watchSlidesProgress&quot;:true,&quot;breakpoints&quot;:{&quot;767&quot;:{&quot;slidesPerView&quot;:2,&quot;spaceBetween&quot;:16,&quot;slidesPerGroup&quot;:1},&quot;1023&quot;:{&quot;slidesPerView&quot;:4,&quot;spaceBetween&quot;:20,&quot;slidesPerGroup&quot;:1}},&quot;navigation&quot;:{&quot;nextEl&quot;:&quot;#sa-luster-carousel-639942e9 .sa-swiper-button-next&quot;,&quot;prevEl&quot;:&quot;#sa-luster-carousel-639942e9 .sa-swiper-button-prev&quot;},&quot;pagination&quot;:{&quot;el&quot;:&quot;#sa-luster-carousel-639942e9 .swiper-pagination&quot;,&quot;clickable&quot;:true,&quot;type&quot;:&quot;bullets&quot;,&quot;dynamicBullets&quot;:false},&quot;scrollbar&quot;:{&quot;el&quot;:&quot;#sa-luster-carousel-639942e9 .swiper-scrollbar&quot;,&quot;hide&quot;:&quot;true&quot;}}\" class=\"sa-luster-carousel sa-swiper-global-carousel sa-img-effect-1\" id=\"sa-luster-carousel-639942e9\">\n\t\t\t<div class=\"swiper-container\">\n\t\t\t\t<div class=\"swiper-wrapper\">\n\n\t\t\t\t\t\t\t<div class=\"swiper-slide\">\n\t\t\t<div class=\"sa-post-item sa-d-flex sa-w-100 sa-h-100\">\n\n\t\t\t\t\t\t<div class=\"sa-post-img-wrapper sa-d-flex\">\r\n\t\t\t\t\t\t\t<!-- Extra - Link added in Image -->\r\n\t\t\t\t<a class=\"sa-w-100 sa-h-100\" href=\"https:\/\/suis.com\/ceviri\/reclamation-of-treated-wastewaters-in-sakarya-wastewater-treatment-plant\/\"\r\n\t\t\t\t\ttitle=\"Reclamation of Treated Wastewaters in Sakarya Wastewater Treatment Plant\">\r\n\t\t\t\t\t<img fetchpriority=\"high\" decoding=\"async\" width=\"2448\" height=\"1632\" src=\"https:\/\/suis.com\/wp-content\/uploads\/2024\/03\/ANA_UST-6.jpg\" class=\"sa-post-img\" alt=\"Reclamation of Treated Wastewaters in Sakarya Wastewater Treatment Plant\" srcset=\"https:\/\/suis.com\/wp-content\/uploads\/2024\/03\/ANA_UST-6.jpg 2448w, https:\/\/suis.com\/wp-content\/uploads\/2024\/03\/ANA_UST-6-300x200.jpg 300w, https:\/\/suis.com\/wp-content\/uploads\/2024\/03\/ANA_UST-6-1024x683.jpg 1024w, https:\/\/suis.com\/wp-content\/uploads\/2024\/03\/ANA_UST-6-768x512.jpg 768w, https:\/\/suis.com\/wp-content\/uploads\/2024\/03\/ANA_UST-6-1536x1024.jpg 1536w, https:\/\/suis.com\/wp-content\/uploads\/2024\/03\/ANA_UST-6-2048x1365.jpg 2048w\" sizes=\"(max-width: 2448px) 100vw, 2448px\" \/>\t\t\t\t<\/a>\r\n\t\t\t\r\n\t\t\t\t\t<\/div>\r\n\t\t\t\t\t\t\t\t\t\t<div class=\"sa-post-content-wrapper sa-w-100 sa-p-4\">\n\t\t\t\t\t<div class=\"sa-post-meta sa-d-flex sa-mb-1\">\n\n\t\t\t\t\t\t\n\t\t\t\t\t\t\n\t\t\t\t\t<\/div>\n\n\t\t\t\t\t<h3 class=\"sa-post-title sa-mb-2\"><a href=\"https:\/\/suis.com\/ceviri\/reclamation-of-treated-wastewaters-in-sakarya-wastewater-treatment-plant\/\" title=\"Reclamation of Treated Wastewaters in Sakarya Wastewater Treatment Plant\">Reclamation of Treated Wastewaters in Sakarya Wastewater Treatment Plant<\/a><\/h3>\t\t\t\t<\/div>\n\t\t\t<\/div>\n\t\t<\/div>\n\t\t\t\t<div class=\"swiper-slide\">\n\t\t\t<div class=\"sa-post-item sa-d-flex sa-w-100 sa-h-100\">\n\n\t\t\t\t\t\t<div class=\"sa-post-img-wrapper sa-d-flex\">\r\n\t\t\t\t\t\t\t<!-- Extra - Link added in Image -->\r\n\t\t\t\t<a class=\"sa-w-100 sa-h-100\" href=\"https:\/\/suis.com\/ceviri\/operational-design-and-business-model-pakistan-waste\/\"\r\n\t\t\t\t\ttitle=\"Operational Design and Business Model &#8211; Pakistan\">\r\n\t\t\t\t\t<img decoding=\"async\" width=\"2560\" height=\"1920\" src=\"https:\/\/suis.com\/wp-content\/uploads\/2024\/03\/ANA_UST-min-29-scaled.jpg\" class=\"sa-post-img\" alt=\"Operational Design and Business Model &#8211; Pakistan\" srcset=\"https:\/\/suis.com\/wp-content\/uploads\/2024\/03\/ANA_UST-min-29-scaled.jpg 2560w, https:\/\/suis.com\/wp-content\/uploads\/2024\/03\/ANA_UST-min-29-300x225.jpg 300w, https:\/\/suis.com\/wp-content\/uploads\/2024\/03\/ANA_UST-min-29-1024x768.jpg 1024w, https:\/\/suis.com\/wp-content\/uploads\/2024\/03\/ANA_UST-min-29-768x576.jpg 768w, https:\/\/suis.com\/wp-content\/uploads\/2024\/03\/ANA_UST-min-29-1536x1152.jpg 1536w, https:\/\/suis.com\/wp-content\/uploads\/2024\/03\/ANA_UST-min-29-2048x1536.jpg 2048w\" sizes=\"(max-width: 2560px) 100vw, 2560px\" \/>\t\t\t\t<\/a>\r\n\t\t\t\r\n\t\t\t\t\t<\/div>\r\n\t\t\t\t\t\t\t\t\t\t<div class=\"sa-post-content-wrapper sa-w-100 sa-p-4\">\n\t\t\t\t\t<div class=\"sa-post-meta sa-d-flex sa-mb-1\">\n\n\t\t\t\t\t\t\n\t\t\t\t\t\t\n\t\t\t\t\t<\/div>\n\n\t\t\t\t\t<h3 class=\"sa-post-title sa-mb-2\"><a href=\"https:\/\/suis.com\/ceviri\/operational-design-and-business-model-pakistan-waste\/\" title=\"Operational Design and Business Model &#8211; Pakistan\">Operational Design and Business Model &#8211; Pakistan<\/a><\/h3>\t\t\t\t<\/div>\n\t\t\t<\/div>\n\t\t<\/div>\n\t\t\t\t<div class=\"swiper-slide\">\n\t\t\t<div class=\"sa-post-item sa-d-flex sa-w-100 sa-h-100\">\n\n\t\t\t\t\t\t<div class=\"sa-post-img-wrapper sa-d-flex\">\r\n\t\t\t\t\t\t\t<!-- Extra - Link added in Image -->\r\n\t\t\t\t<a class=\"sa-w-100 sa-h-100\" href=\"https:\/\/suis.com\/ceviri\/bulk-water-supply-master-plan-and-water-harvesting-master-plan-in-the-west-bank-waste\/\"\r\n\t\t\t\t\ttitle=\"Bulk Water Supply Master Plan and Water Harvesting Master Plan in the West Bank\">\r\n\t\t\t\t\t<img decoding=\"async\" width=\"2560\" height=\"1633\" src=\"https:\/\/suis.com\/wp-content\/uploads\/2017\/03\/ANA_UST-min-2-scaled.jpg\" class=\"sa-post-img\" alt=\"Bulk Water Supply Master Plan and Water Harvesting Master Plan in the West Bank\" srcset=\"https:\/\/suis.com\/wp-content\/uploads\/2017\/03\/ANA_UST-min-2-scaled.jpg 2560w, https:\/\/suis.com\/wp-content\/uploads\/2017\/03\/ANA_UST-min-2-300x191.jpg 300w, https:\/\/suis.com\/wp-content\/uploads\/2017\/03\/ANA_UST-min-2-1024x653.jpg 1024w, https:\/\/suis.com\/wp-content\/uploads\/2017\/03\/ANA_UST-min-2-768x490.jpg 768w, https:\/\/suis.com\/wp-content\/uploads\/2017\/03\/ANA_UST-min-2-1536x980.jpg 1536w, https:\/\/suis.com\/wp-content\/uploads\/2017\/03\/ANA_UST-min-2-2048x1306.jpg 2048w\" sizes=\"(max-width: 2560px) 100vw, 2560px\" \/>\t\t\t\t<\/a>\r\n\t\t\t\r\n\t\t\t\t\t<\/div>\r\n\t\t\t\t\t\t\t\t\t\t<div class=\"sa-post-content-wrapper sa-w-100 sa-p-4\">\n\t\t\t\t\t<div class=\"sa-post-meta sa-d-flex sa-mb-1\">\n\n\t\t\t\t\t\t\n\t\t\t\t\t\t\n\t\t\t\t\t<\/div>\n\n\t\t\t\t\t<h3 class=\"sa-post-title sa-mb-2\"><a href=\"https:\/\/suis.com\/ceviri\/bulk-water-supply-master-plan-and-water-harvesting-master-plan-in-the-west-bank-waste\/\" title=\"Bulk Water Supply Master Plan and Water Harvesting Master Plan in the West Bank\">Bulk Water Supply Master Plan and Water Harvesting Master Plan in the West Bank<\/a><\/h3>\t\t\t\t<\/div>\n\t\t\t<\/div>\n\t\t<\/div>\n\t\t\t\t<div class=\"swiper-slide\">\n\t\t\t<div class=\"sa-post-item sa-d-flex sa-w-100 sa-h-100\">\n\n\t\t\t\t\t\t<div class=\"sa-post-img-wrapper sa-d-flex\">\r\n\t\t\t\t\t\t\t<!-- Extra - Link added in Image -->\r\n\t\t\t\t<a class=\"sa-w-100 sa-h-100\" href=\"https:\/\/suis.com\/ceviri\/reclamation-of-treated-wastewaters-in-kilis-wastewater-treatment-plant\/\"\r\n\t\t\t\t\ttitle=\"Reclamation of Treated Wastewaters in Kilis Wastewater Treatment Plant\">\r\n\t\t\t\t\t<img loading=\"lazy\" decoding=\"async\" width=\"1738\" height=\"1151\" src=\"https:\/\/suis.com\/wp-content\/uploads\/2024\/03\/ANA_UST-7.jpg\" class=\"sa-post-img\" alt=\"Reclamation of Treated Wastewaters in Kilis Wastewater Treatment Plant\" srcset=\"https:\/\/suis.com\/wp-content\/uploads\/2024\/03\/ANA_UST-7.jpg 1738w, https:\/\/suis.com\/wp-content\/uploads\/2024\/03\/ANA_UST-7-300x199.jpg 300w, https:\/\/suis.com\/wp-content\/uploads\/2024\/03\/ANA_UST-7-1024x678.jpg 1024w, https:\/\/suis.com\/wp-content\/uploads\/2024\/03\/ANA_UST-7-768x509.jpg 768w, https:\/\/suis.com\/wp-content\/uploads\/2024\/03\/ANA_UST-7-1536x1017.jpg 1536w\" sizes=\"(max-width: 1738px) 100vw, 1738px\" \/>\t\t\t\t<\/a>\r\n\t\t\t\r\n\t\t\t\t\t<\/div>\r\n\t\t\t\t\t\t\t\t\t\t<div class=\"sa-post-content-wrapper sa-w-100 sa-p-4\">\n\t\t\t\t\t<div class=\"sa-post-meta sa-d-flex sa-mb-1\">\n\n\t\t\t\t\t\t\n\t\t\t\t\t\t\n\t\t\t\t\t<\/div>\n\n\t\t\t\t\t<h3 class=\"sa-post-title sa-mb-2\"><a href=\"https:\/\/suis.com\/ceviri\/reclamation-of-treated-wastewaters-in-kilis-wastewater-treatment-plant\/\" title=\"Reclamation of Treated Wastewaters in Kilis Wastewater Treatment Plant\">Reclamation of Treated Wastewaters in Kilis Wastewater Treatment Plant<\/a><\/h3>\t\t\t\t<\/div>\n\t\t\t<\/div>\n\t\t<\/div>\n\t\t\t\t<div class=\"swiper-slide\">\n\t\t\t<div class=\"sa-post-item sa-d-flex sa-w-100 sa-h-100\">\n\n\t\t\t\t\t\t<div class=\"sa-post-img-wrapper sa-d-flex\">\r\n\t\t\t\t\t\t\t<!-- Extra - Link added in Image -->\r\n\t\t\t\t<a class=\"sa-w-100 sa-h-100\" href=\"https:\/\/suis.com\/ceviri\/eskisehir-wastewater-treatment-plant\/\"\r\n\t\t\t\t\ttitle=\"Eski\u015fehir Wastewater Treatment Plant\">\r\n\t\t\t\t\t<img loading=\"lazy\" decoding=\"async\" width=\"2560\" height=\"1703\" src=\"https:\/\/suis.com\/wp-content\/uploads\/2024\/03\/ANA_UST-min-33-scaled.jpg\" class=\"sa-post-img\" alt=\"Eski\u015fehir Wastewater Treatment Plant\" srcset=\"https:\/\/suis.com\/wp-content\/uploads\/2024\/03\/ANA_UST-min-33-scaled.jpg 2560w, https:\/\/suis.com\/wp-content\/uploads\/2024\/03\/ANA_UST-min-33-300x200.jpg 300w, https:\/\/suis.com\/wp-content\/uploads\/2024\/03\/ANA_UST-min-33-1024x681.jpg 1024w, https:\/\/suis.com\/wp-content\/uploads\/2024\/03\/ANA_UST-min-33-768x511.jpg 768w, https:\/\/suis.com\/wp-content\/uploads\/2024\/03\/ANA_UST-min-33-1536x1022.jpg 1536w, https:\/\/suis.com\/wp-content\/uploads\/2024\/03\/ANA_UST-min-33-2048x1363.jpg 2048w\" sizes=\"(max-width: 2560px) 100vw, 2560px\" \/>\t\t\t\t<\/a>\r\n\t\t\t\r\n\t\t\t\t\t<\/div>\r\n\t\t\t\t\t\t\t\t\t\t<div class=\"sa-post-content-wrapper sa-w-100 sa-p-4\">\n\t\t\t\t\t<div class=\"sa-post-meta sa-d-flex sa-mb-1\">\n\n\t\t\t\t\t\t\n\t\t\t\t\t\t\n\t\t\t\t\t<\/div>\n\n\t\t\t\t\t<h3 class=\"sa-post-title sa-mb-2\"><a href=\"https:\/\/suis.com\/ceviri\/eskisehir-wastewater-treatment-plant\/\" title=\"Eski\u015fehir Wastewater Treatment Plant\">Eski\u015fehir Wastewater Treatment Plant<\/a><\/h3>\t\t\t\t<\/div>\n\t\t\t<\/div>\n\t\t<\/div>\n\t\t        <\/div>\r\n        <\/div>\r\n\r\n                <!-- If we need navigation buttons -->\r\n        <div class=\"sa-swiper-button-prev sa-slider-navigation sa-icon-wrap\">\r\n                            <svg xmlns=\"http:\/\/www.w3.org\/2000\/svg\" viewbox=\"0 0 27 44\">\r\n                    <path d=\"M0,22L22,0l2.1,2.1L4.2,22l19.9,19.9L22,44L0,22L0,22L0,22z\">\r\n                <\/svg>\r\n            \r\n        <\/div>\r\n        <div class=\"sa-swiper-button-next sa-slider-navigation sa-icon-wrap\">\r\n                            <svg xmlns=\"http:\/\/www.w3.org\/2000\/svg\" viewbox=\"0 0 27 44\">\r\n                    <path d=\"M27,22L27,22L5,44l-2.1-2.1L22.8,22L2.9,2.1L5,0L27,22L27,22z\">\r\n                <\/svg>\r\n                    <\/div>\r\n            <!-- If we need pagination -->\r\n        <div class=\"swiper-pagination\"><\/div>\r\n            <\/div>\r\n\t\t<\/div>\n\t\t\t\t<\/div>\n\t\t\t\t\t<\/div>\n\t\t\t\t<\/div>\n\t\t\t\t<\/div>","protected":false},"excerpt":{"rendered":"<p>Wastewater Treatment &#038; Reuse Wastewater Treatment &amp; Reuse We assist in the development of smart water networks and developed asset management approaches. Additionally, we provide guidance on water re-use and desalination solutions for clients in both public and private sectors. RELATED PROJECTS Recovery of Treated Wastewaters in Sakarya Wastewater Treatment Plant Operational Design and Business [&hellip;]<\/p>","protected":false},"author":1,"featured_media":0,"parent":0,"menu_order":0,"comment_status":"closed","ping_status":"closed","template":"elementor_header_footer","meta":{"_acf_changed":false,"footnotes":""},"acf":[],"_links":{"self":[{"href":"https:\/\/suis.com\/ceviri\/wp-json\/wp\/v2\/pages\/7500"}],"collection":[{"href":"https:\/\/suis.com\/ceviri\/wp-json\/wp\/v2\/pages"}],"about":[{"href":"https:\/\/suis.com\/ceviri\/wp-json\/wp\/v2\/types\/page"}],"author":[{"embeddable":true,"href":"https:\/\/suis.com\/ceviri\/wp-json\/wp\/v2\/users\/1"}],"replies":[{"embeddable":true,"href":"https:\/\/suis.com\/ceviri\/wp-json\/wp\/v2\/comments?post=7500"}],"version-history":[{"count":13,"href":"https:\/\/suis.com\/ceviri\/wp-json\/wp\/v2\/pages\/7500\/revisions"}],"predecessor-version":[{"id":8615,"href":"https:\/\/suis.com\/ceviri\/wp-json\/wp\/v2\/pages\/7500\/revisions\/8615"}],"wp:attachment":[{"href":"https:\/\/suis.com\/ceviri\/wp-json\/wp\/v2\/media?parent=7500"}],"curies":[{"name":"wp","href":"https:\/\/api.w.org\/{rel}","templated":true}]}}