{"id":7477,"date":"2024-03-20T14:58:04","date_gmt":"2024-03-20T14:58:04","guid":{"rendered":"https:\/\/suis.com\/?page_id=7477"},"modified":"2024-03-23T12:54:36","modified_gmt":"2024-03-23T12:54:36","slug":"climate-change-expertise","status":"publish","type":"page","link":"https:\/\/suis.com\/ceviri\/climate-change-expertise\/","title":{"rendered":"Climate Change-Expertise"},"content":{"rendered":"<div data-elementor-type=\"wp-page\" data-elementor-id=\"7477\" class=\"elementor elementor-7477\" data-elementor-post-type=\"page\">\n\t\t\t\t\t\t<section data-particle_enable=\"false\" data-particle-mobile-disabled=\"false\" class=\"elementor-section elementor-top-section elementor-element elementor-element-143109c7 elementor-section-full_width elementor-section-height-default elementor-section-height-default\" data-id=\"143109c7\" data-element_type=\"section\" data-settings=\"{&quot;background_background&quot;:&quot;classic&quot;,&quot;_ha_eqh_enable&quot;:false}\">\n\t\t\t\t\t\t\t<div class=\"elementor-background-overlay\"><\/div>\n\t\t\t\t\t\t\t<div class=\"elementor-container elementor-column-gap-default\">\n\t\t\t\t\t<div class=\"elementor-column elementor-col-100 elementor-top-column elementor-element elementor-element-74ef5696\" data-id=\"74ef5696\" data-element_type=\"column\" data-settings=\"{&quot;background_background&quot;:&quot;classic&quot;}\">\n\t\t\t<div class=\"elementor-widget-wrap elementor-element-populated\">\n\t\t\t\t\t\t<div class=\"elementor-element elementor-element-15a75af elementor-widget elementor-widget-button\" data-id=\"15a75af\" data-element_type=\"widget\" data-widget_type=\"button.default\">\n\t\t\t\t<div class=\"elementor-widget-container\">\n\t\t\t\t\t<div class=\"elementor-button-wrapper\">\n\t\t\t<a class=\"elementor-button elementor-size-sm\" role=\"button\">\n\t\t\t\t\t\t<span class=\"elementor-button-content-wrapper\">\n\t\t\t\t\t\t<span class=\"elementor-button-text\">\u0130klim De\u011fi\u015fikli\u011fi<\/span>\n\t\t<\/span>\n\t\t\t\t\t<\/a>\n\t\t<\/div>\n\t\t\t\t<\/div>\n\t\t\t\t<\/div>\n\t\t\t\t\t<\/div>\n\t\t<\/div>\n\t\t\t\t\t<\/div>\n\t\t<\/section>\n\t\t\t\t<section data-particle_enable=\"false\" data-particle-mobile-disabled=\"false\" class=\"elementor-section elementor-top-section elementor-element elementor-element-2509f23a elementor-section-boxed elementor-section-height-default elementor-section-height-default\" data-id=\"2509f23a\" data-element_type=\"section\" id=\"about\" data-settings=\"{&quot;_ha_eqh_enable&quot;:false}\">\n\t\t\t\t\t\t<div class=\"elementor-container elementor-column-gap-default\">\n\t\t\t\t\t<div class=\"elementor-column elementor-col-100 elementor-top-column elementor-element elementor-element-53c1049d\" data-id=\"53c1049d\" data-element_type=\"column\">\n\t\t\t<div class=\"elementor-widget-wrap elementor-element-populated\">\n\t\t\t\t\t\t<div class=\"elementor-element elementor-element-2eb3655e elementor-widget elementor-widget-heading bdevs-el heading\" data-id=\"2eb3655e\" data-element_type=\"widget\" data-settings=\"{&quot;design_style&quot;:&quot;style_2&quot;}\" data-widget_type=\"heading.default\">\n\t\t\t\t<div class=\"elementor-widget-container\">\n\t\t\t<style>\/*! elementor - v3.20.0 - 26-03-2024 *\/\n.elementor-heading-title{padding:0;margin:0;line-height:1}.elementor-widget-heading .elementor-heading-title[class*=elementor-size-]>a{color:inherit;font-size:inherit;line-height:inherit}.elementor-widget-heading .elementor-heading-title.elementor-size-small{font-size:15px}.elementor-widget-heading .elementor-heading-title.elementor-size-medium{font-size:19px}.elementor-widget-heading .elementor-heading-title.elementor-size-large{font-size:29px}.elementor-widget-heading .elementor-heading-title.elementor-size-xl{font-size:39px}.elementor-widget-heading .elementor-heading-title.elementor-size-xxl{font-size:59px}<\/style>\r\n                    <div class=\"section_title_area position-relative pt-120 bdevs-el-content\">\r\n                <div class=\"container\">\r\n                    <div class=\"row mb-80\">\r\n                        <div class=\"col-lg-6\">\r\n                            <div class=\"about1__title-left\">\r\n                                <div class=\"title_style1 text-right\">\r\n                                    \r\n                                    <h2 class=\"section-title bdevs-el-title\">Cl\u0131mate Change<\/h2>                                <\/div>\r\n                            <\/div>\r\n                        <\/div>\r\n                                                    <div class=\"col-lg-6\">\r\n                                <div class=\"about1__title-right\">\r\n                                    <p>Sui\u015f Proje has been involved in many projects determining the impacts of climate change on water resources. We develop and implement innovative methods and tools to provide consultancy services on climate change and water resources.<\/p>\r\n                                <\/div>\r\n                            <\/div>\r\n                                            <\/div>\r\n                <\/div>\r\n            <\/div>\r\n\r\n        \r\n\t\t<\/div>\n\t\t\t\t<\/div>\n\t\t\t\t\t<\/div>\n\t\t<\/div>\n\t\t\t\t\t<\/div>\n\t\t<\/section>\n\t\t<div data-particle_enable=\"false\" data-particle-mobile-disabled=\"false\" class=\"elementor-element elementor-element-77966418 e-flex e-con-boxed e-con e-parent\" data-id=\"77966418\" data-element_type=\"container\" data-settings=\"{&quot;_ha_eqh_enable&quot;:false}\" data-core-v316-plus=\"true\">\n\t\t\t\t\t<div class=\"e-con-inner\">\n\t\t\t\t<div class=\"elementor-element elementor-element-efded8b elementor-widget elementor-widget-text-editor\" data-id=\"efded8b\" data-element_type=\"widget\" data-widget_type=\"text-editor.default\">\n\t\t\t\t<div class=\"elementor-widget-container\">\n\t\t\t<style>\/*! elementor - v3.20.0 - 26-03-2024 *\/\n.elementor-widget-text-editor.elementor-drop-cap-view-stacked .elementor-drop-cap{background-color:#69727d;color:#fff}.elementor-widget-text-editor.elementor-drop-cap-view-framed .elementor-drop-cap{color:#69727d;border:3px solid;background-color:transparent}.elementor-widget-text-editor:not(.elementor-drop-cap-view-default) .elementor-drop-cap{margin-top:8px}.elementor-widget-text-editor:not(.elementor-drop-cap-view-default) .elementor-drop-cap-letter{width:1em;height:1em}.elementor-widget-text-editor .elementor-drop-cap{float:left;text-align:center;line-height:1;font-size:50px}.elementor-widget-text-editor .elementor-drop-cap-letter{display:inline-block}<\/style>\t\t\t\tRELATED PROJECTS \t\t\t\t\t\t<\/div>\n\t\t\t\t<\/div>\n\t\t\t\t<div class=\"elementor-element elementor-element-639942e9 elementor-aspect-ratio-169 elementor-widget elementor-widget-sky-luster-carousel\" data-id=\"639942e9\" data-element_type=\"widget\" data-widget_type=\"sky-luster-carousel.default\">\n\t\t\t\t<div class=\"elementor-widget-container\">\n\t\t\t\n\t\t<div data-settings=\"{&quot;direction&quot;:&quot;horizontal&quot;,&quot;autoplay&quot;:{&quot;delay&quot;:5000},&quot;loop&quot;:true,&quot;speed&quot;:500,&quot;slidesPerView&quot;:1,&quot;slidesPerGroup&quot;:1,&quot;spaceBetween&quot;:10,&quot;effect&quot;:&quot;slide&quot;,&quot;coverflowEffect&quot;:{&quot;depth&quot;:100,&quot;modifier&quot;:1,&quot;rotate&quot;:50,&quot;stretch&quot;:0,&quot;slideShadows&quot;:false},&quot;flipEffect&quot;:{&quot;slideShadows&quot;:false},&quot;cubeEffect&quot;:{&quot;slideShadows&quot;:false},&quot;observer&quot;:true,&quot;observeParents&quot;:true,&quot;watchSlidesVisibility&quot;:true,&quot;watchSlidesProgress&quot;:true,&quot;breakpoints&quot;:{&quot;767&quot;:{&quot;slidesPerView&quot;:2,&quot;spaceBetween&quot;:16,&quot;slidesPerGroup&quot;:1},&quot;1023&quot;:{&quot;slidesPerView&quot;:4,&quot;spaceBetween&quot;:20,&quot;slidesPerGroup&quot;:1}},&quot;navigation&quot;:{&quot;nextEl&quot;:&quot;#sa-luster-carousel-639942e9 .sa-swiper-button-next&quot;,&quot;prevEl&quot;:&quot;#sa-luster-carousel-639942e9 .sa-swiper-button-prev&quot;},&quot;pagination&quot;:{&quot;el&quot;:&quot;#sa-luster-carousel-639942e9 .swiper-pagination&quot;,&quot;clickable&quot;:true,&quot;type&quot;:&quot;bullets&quot;,&quot;dynamicBullets&quot;:false},&quot;scrollbar&quot;:{&quot;el&quot;:&quot;#sa-luster-carousel-639942e9 .swiper-scrollbar&quot;,&quot;hide&quot;:&quot;true&quot;}}\" class=\"sa-luster-carousel sa-swiper-global-carousel sa-img-effect-1\" id=\"sa-luster-carousel-639942e9\">\n\t\t\t<div class=\"swiper-container\">\n\t\t\t\t<div class=\"swiper-wrapper\">\n\n\t\t\t\t\t\t\t<div class=\"swiper-slide\">\n\t\t\t<div class=\"sa-post-item sa-d-flex sa-w-100 sa-h-100\">\n\n\t\t\t\t\t\t<div class=\"sa-post-img-wrapper sa-d-flex\">\r\n\t\t\t\t\t\t\t<!-- Extra - Link added in Image -->\r\n\t\t\t\t<a class=\"sa-w-100 sa-h-100\" href=\"https:\/\/suis.com\/ceviri\/flood-management-plans-for-euphrates-and-tigris-sub-basins\/\"\r\n\t\t\t\t\ttitle=\"F\u0131rat ve Dicle Havzalar\u0131 i\u00e7in Ta\u015fk\u0131n Y\u00f6netim Planlar\u0131\">\r\n\t\t\t\t\t<img fetchpriority=\"high\" decoding=\"async\" width=\"2560\" height=\"1920\" src=\"https:\/\/suis.com\/wp-content\/uploads\/2024\/03\/ANA_UST-3-scaled.jpg\" class=\"sa-post-img\" alt=\"Flood Management Plans for Euphrates and Tigris Sub Basins\" srcset=\"https:\/\/suis.com\/wp-content\/uploads\/2024\/03\/ANA_UST-3-scaled.jpg 2560w, https:\/\/suis.com\/wp-content\/uploads\/2024\/03\/ANA_UST-3-300x225.jpg 300w, https:\/\/suis.com\/wp-content\/uploads\/2024\/03\/ANA_UST-3-1024x768.jpg 1024w, https:\/\/suis.com\/wp-content\/uploads\/2024\/03\/ANA_UST-3-768x576.jpg 768w, https:\/\/suis.com\/wp-content\/uploads\/2024\/03\/ANA_UST-3-1536x1152.jpg 1536w, https:\/\/suis.com\/wp-content\/uploads\/2024\/03\/ANA_UST-3-2048x1536.jpg 2048w\" sizes=\"(max-width: 2560px) 100vw, 2560px\" \/>\t\t\t\t<\/a>\r\n\t\t\t\r\n\t\t\t\t\t<\/div>\r\n\t\t\t\t\t\t\t\t\t\t<div class=\"sa-post-content-wrapper sa-w-100 sa-p-4\">\n\t\t\t\t\t<div class=\"sa-post-meta sa-d-flex sa-mb-1\">\n\n\t\t\t\t\t\t\n\t\t\t\t\t\t\n\t\t\t\t\t<\/div>\n\n\t\t\t\t\t<h3 class=\"sa-post-title sa-mb-2\"><a href=\"https:\/\/suis.com\/ceviri\/flood-management-plans-for-euphrates-and-tigris-sub-basins\/\" title=\"F\u0131rat ve Dicle Havzalar\u0131 i\u00e7in Ta\u015fk\u0131n Y\u00f6netim Planlar\u0131\">F\u0131rat ve Dicle Havzalar\u0131 i\u00e7in Ta\u015fk\u0131n Y\u00f6netim Planlar\u0131<\/a><\/h3>\t\t\t\t<\/div>\n\t\t\t<\/div>\n\t\t<\/div>\n\t\t\t\t<div class=\"swiper-slide\">\n\t\t\t<div class=\"sa-post-item sa-d-flex sa-w-100 sa-h-100\">\n\n\t\t\t\t\t\t<div class=\"sa-post-img-wrapper sa-d-flex\">\r\n\t\t\t\t\t\t\t<!-- Extra - Link added in Image -->\r\n\t\t\t\t<a class=\"sa-w-100 sa-h-100\" href=\"https:\/\/suis.com\/ceviri\/drinking-water-safety-plan-from-source-to-tap-for-gaziantep-province\/\"\r\n\t\t\t\t\ttitle=\"Drinking Water Safety Plan from Source to Tap for Gaziantep Province\">\r\n\t\t\t\t\t<img decoding=\"async\" width=\"2560\" height=\"1600\" src=\"https:\/\/suis.com\/wp-content\/uploads\/2024\/03\/ANA_UST-min-25-scaled.jpg\" class=\"sa-post-img\" alt=\"Drinking Water Safety Plan from Source to Tap for Gaziantep Province\" srcset=\"https:\/\/suis.com\/wp-content\/uploads\/2024\/03\/ANA_UST-min-25-scaled.jpg 2560w, https:\/\/suis.com\/wp-content\/uploads\/2024\/03\/ANA_UST-min-25-300x188.jpg 300w, https:\/\/suis.com\/wp-content\/uploads\/2024\/03\/ANA_UST-min-25-1024x640.jpg 1024w, https:\/\/suis.com\/wp-content\/uploads\/2024\/03\/ANA_UST-min-25-768x480.jpg 768w, https:\/\/suis.com\/wp-content\/uploads\/2024\/03\/ANA_UST-min-25-1536x960.jpg 1536w, https:\/\/suis.com\/wp-content\/uploads\/2024\/03\/ANA_UST-min-25-2048x1280.jpg 2048w\" sizes=\"(max-width: 2560px) 100vw, 2560px\" \/>\t\t\t\t<\/a>\r\n\t\t\t\r\n\t\t\t\t\t<\/div>\r\n\t\t\t\t\t\t\t\t\t\t<div class=\"sa-post-content-wrapper sa-w-100 sa-p-4\">\n\t\t\t\t\t<div class=\"sa-post-meta sa-d-flex sa-mb-1\">\n\n\t\t\t\t\t\t\n\t\t\t\t\t\t\n\t\t\t\t\t<\/div>\n\n\t\t\t\t\t<h3 class=\"sa-post-title sa-mb-2\"><a href=\"https:\/\/suis.com\/ceviri\/drinking-water-safety-plan-from-source-to-tap-for-gaziantep-province\/\" title=\"Drinking Water Safety Plan from Source to Tap for Gaziantep Province\">Drinking Water Safety Plan from Source to Tap for Gaziantep Province<\/a><\/h3>\t\t\t\t<\/div>\n\t\t\t<\/div>\n\t\t<\/div>\n\t\t\t\t<div class=\"swiper-slide\">\n\t\t\t<div class=\"sa-post-item sa-d-flex sa-w-100 sa-h-100\">\n\n\t\t\t\t\t\t<div class=\"sa-post-img-wrapper sa-d-flex\">\r\n\t\t\t\t\t\t\t<!-- Extra - Link added in Image -->\r\n\t\t\t\t<a class=\"sa-w-100 sa-h-100\" href=\"https:\/\/suis.com\/ceviri\/construction-supervision-of-4-villages-flood-and-sedimentation-control-5th-group\/\"\r\n\t\t\t\t\ttitle=\"4 K\u00f6y\u00fcn Ta\u015fk\u0131n ve Sediment Kontrol\u00fcn\u00fcn \u0130n\u015faat M\u00fc\u015favirli\u011fi (5. Grup)\">\r\n\t\t\t\t\t<img decoding=\"async\" width=\"2972\" height=\"1672\" src=\"https:\/\/suis.com\/wp-content\/uploads\/2024\/03\/ANA_UST-min.png\" class=\"sa-post-img\" alt=\"Construction Supervision of 4 Villages\u2019 Flood and Sedimentation Control (5th Group)\" srcset=\"https:\/\/suis.com\/wp-content\/uploads\/2024\/03\/ANA_UST-min.png 2972w, https:\/\/suis.com\/wp-content\/uploads\/2024\/03\/ANA_UST-min-300x169.png 300w, https:\/\/suis.com\/wp-content\/uploads\/2024\/03\/ANA_UST-min-1024x576.png 1024w, https:\/\/suis.com\/wp-content\/uploads\/2024\/03\/ANA_UST-min-768x432.png 768w, https:\/\/suis.com\/wp-content\/uploads\/2024\/03\/ANA_UST-min-1536x864.png 1536w, https:\/\/suis.com\/wp-content\/uploads\/2024\/03\/ANA_UST-min-2048x1152.png 2048w\" sizes=\"(max-width: 2972px) 100vw, 2972px\" \/>\t\t\t\t<\/a>\r\n\t\t\t\r\n\t\t\t\t\t<\/div>\r\n\t\t\t\t\t\t\t\t\t\t<div class=\"sa-post-content-wrapper sa-w-100 sa-p-4\">\n\t\t\t\t\t<div class=\"sa-post-meta sa-d-flex sa-mb-1\">\n\n\t\t\t\t\t\t\n\t\t\t\t\t\t\n\t\t\t\t\t<\/div>\n\n\t\t\t\t\t<h3 class=\"sa-post-title sa-mb-2\"><a href=\"https:\/\/suis.com\/ceviri\/construction-supervision-of-4-villages-flood-and-sedimentation-control-5th-group\/\" title=\"4 K\u00f6y\u00fcn Ta\u015fk\u0131n ve Sediment Kontrol\u00fcn\u00fcn \u0130n\u015faat M\u00fc\u015favirli\u011fi (5. Grup)\">4 K\u00f6y\u00fcn Ta\u015fk\u0131n ve Sediment Kontrol\u00fcn\u00fcn \u0130n\u015faat M\u00fc\u015favirli\u011fi (5. Grup)<\/a><\/h3>\t\t\t\t<\/div>\n\t\t\t<\/div>\n\t\t<\/div>\n\t\t\t\t<div class=\"swiper-slide\">\n\t\t\t<div class=\"sa-post-item sa-d-flex sa-w-100 sa-h-100\">\n\n\t\t\t\t\t\t<div class=\"sa-post-img-wrapper sa-d-flex\">\r\n\t\t\t\t\t\t\t<!-- Extra - Link added in Image -->\r\n\t\t\t\t<a class=\"sa-w-100 sa-h-100\" href=\"https:\/\/suis.com\/ceviri\/flood-management-plans-for-antalya-basin-climate\/\"\r\n\t\t\t\t\ttitle=\"Flood Management Plans for Antalya Basin\">\r\n\t\t\t\t\t<img loading=\"lazy\" decoding=\"async\" width=\"2560\" height=\"1813\" src=\"https:\/\/suis.com\/wp-content\/uploads\/2024\/03\/ANA_UST-min-24-scaled.jpg\" class=\"sa-post-img\" alt=\"Flood Management Plans for Antalya Basin\" srcset=\"https:\/\/suis.com\/wp-content\/uploads\/2024\/03\/ANA_UST-min-24-scaled.jpg 2560w, https:\/\/suis.com\/wp-content\/uploads\/2024\/03\/ANA_UST-min-24-300x212.jpg 300w, https:\/\/suis.com\/wp-content\/uploads\/2024\/03\/ANA_UST-min-24-1024x725.jpg 1024w, https:\/\/suis.com\/wp-content\/uploads\/2024\/03\/ANA_UST-min-24-768x544.jpg 768w, https:\/\/suis.com\/wp-content\/uploads\/2024\/03\/ANA_UST-min-24-1536x1088.jpg 1536w, https:\/\/suis.com\/wp-content\/uploads\/2024\/03\/ANA_UST-min-24-2048x1450.jpg 2048w\" sizes=\"(max-width: 2560px) 100vw, 2560px\" \/>\t\t\t\t<\/a>\r\n\t\t\t\r\n\t\t\t\t\t<\/div>\r\n\t\t\t\t\t\t\t\t\t\t<div class=\"sa-post-content-wrapper sa-w-100 sa-p-4\">\n\t\t\t\t\t<div class=\"sa-post-meta sa-d-flex sa-mb-1\">\n\n\t\t\t\t\t\t\n\t\t\t\t\t\t\n\t\t\t\t\t<\/div>\n\n\t\t\t\t\t<h3 class=\"sa-post-title sa-mb-2\"><a href=\"https:\/\/suis.com\/ceviri\/flood-management-plans-for-antalya-basin-climate\/\" title=\"Flood Management Plans for Antalya Basin\">Flood Management Plans for Antalya Basin<\/a><\/h3>\t\t\t\t<\/div>\n\t\t\t<\/div>\n\t\t<\/div>\n\t\t\t\t<div class=\"swiper-slide\">\n\t\t\t<div class=\"sa-post-item sa-d-flex sa-w-100 sa-h-100\">\n\n\t\t\t\t\t\t<div class=\"sa-post-img-wrapper sa-d-flex\">\r\n\t\t\t\t\t\t\t<!-- Extra - Link added in Image -->\r\n\t\t\t\t<a class=\"sa-w-100 sa-h-100\" href=\"https:\/\/suis.com\/ceviri\/dams-portfolio-risk-assessment-and-preparation-of-om-plans-and-epps-for-identified-dams-in-sri-lanka\/\"\r\n\t\t\t\t\ttitle=\"Sri Lanka&#039;da Belirlenen Barajlar i\u00e7in Baraj Portf\u00f6y\u00fc Risk De\u011ferlendirmesi ve \u0130\u015fletme ve Bak\u0131m Planlar\u0131n\u0131n ve epp&#039;lerin Haz\u0131rlanmas\u0131\">\r\n\t\t\t\t\t<img loading=\"lazy\" decoding=\"async\" width=\"2560\" height=\"1707\" src=\"https:\/\/suis.com\/wp-content\/uploads\/2024\/03\/ANA_UST-min-9-scaled.jpg\" class=\"sa-post-img\" alt=\"Dams Portfolio Risk Assessment and Preparation of O&#038;M Plans and EPPs for Identified Dams in Sri-Lanka\" srcset=\"https:\/\/suis.com\/wp-content\/uploads\/2024\/03\/ANA_UST-min-9-scaled.jpg 2560w, https:\/\/suis.com\/wp-content\/uploads\/2024\/03\/ANA_UST-min-9-300x200.jpg 300w, https:\/\/suis.com\/wp-content\/uploads\/2024\/03\/ANA_UST-min-9-1024x683.jpg 1024w, https:\/\/suis.com\/wp-content\/uploads\/2024\/03\/ANA_UST-min-9-768x512.jpg 768w, https:\/\/suis.com\/wp-content\/uploads\/2024\/03\/ANA_UST-min-9-1536x1024.jpg 1536w, https:\/\/suis.com\/wp-content\/uploads\/2024\/03\/ANA_UST-min-9-2048x1365.jpg 2048w\" sizes=\"(max-width: 2560px) 100vw, 2560px\" \/>\t\t\t\t<\/a>\r\n\t\t\t\r\n\t\t\t\t\t<\/div>\r\n\t\t\t\t\t\t\t\t\t\t<div class=\"sa-post-content-wrapper sa-w-100 sa-p-4\">\n\t\t\t\t\t<div class=\"sa-post-meta sa-d-flex sa-mb-1\">\n\n\t\t\t\t\t\t\n\t\t\t\t\t\t\n\t\t\t\t\t<\/div>\n\n\t\t\t\t\t<h3 class=\"sa-post-title sa-mb-2\"><a href=\"https:\/\/suis.com\/ceviri\/dams-portfolio-risk-assessment-and-preparation-of-om-plans-and-epps-for-identified-dams-in-sri-lanka\/\" title=\"Sri Lanka&#039;da Belirlenen Barajlar i\u00e7in Baraj Portf\u00f6y\u00fc Risk De\u011ferlendirmesi ve \u0130\u015fletme ve Bak\u0131m Planlar\u0131n\u0131n ve epp&#039;lerin Haz\u0131rlanmas\u0131\">Dams Portfolio Risk Assessment and Preparation of O&#038;M Plans and EPPs for Identified Dams in Sri-Lanka<\/a><\/h3>\t\t\t\t<\/div>\n\t\t\t<\/div>\n\t\t<\/div>\n\t\t\t\t<div class=\"swiper-slide\">\n\t\t\t<div class=\"sa-post-item sa-d-flex sa-w-100 sa-h-100\">\n\n\t\t\t\t\t\t<div class=\"sa-post-img-wrapper sa-d-flex\">\r\n\t\t\t\t\t\t\t<!-- Extra - Link added in Image -->\r\n\t\t\t\t<a class=\"sa-w-100 sa-h-100\" href=\"https:\/\/suis.com\/ceviri\/northern-egea-water-allocation-project\/\"\r\n\t\t\t\t\ttitle=\"Kuzey Ege Havzas\u0131 Su Tahsisi Projesi\">\r\n\t\t\t\t\t<img loading=\"lazy\" decoding=\"async\" width=\"2560\" height=\"1707\" src=\"https:\/\/suis.com\/wp-content\/uploads\/2016\/03\/ANA_UST-min-3-scaled.jpg\" class=\"sa-post-img\" alt=\"Northern Egea Water Allocation Project\" srcset=\"https:\/\/suis.com\/wp-content\/uploads\/2016\/03\/ANA_UST-min-3-scaled.jpg 2560w, https:\/\/suis.com\/wp-content\/uploads\/2016\/03\/ANA_UST-min-3-300x200.jpg 300w, https:\/\/suis.com\/wp-content\/uploads\/2016\/03\/ANA_UST-min-3-1024x683.jpg 1024w, https:\/\/suis.com\/wp-content\/uploads\/2016\/03\/ANA_UST-min-3-768x512.jpg 768w, https:\/\/suis.com\/wp-content\/uploads\/2016\/03\/ANA_UST-min-3-1536x1024.jpg 1536w, https:\/\/suis.com\/wp-content\/uploads\/2016\/03\/ANA_UST-min-3-2048x1365.jpg 2048w\" sizes=\"(max-width: 2560px) 100vw, 2560px\" \/>\t\t\t\t<\/a>\r\n\t\t\t\r\n\t\t\t\t\t<\/div>\r\n\t\t\t\t\t\t\t\t\t\t<div class=\"sa-post-content-wrapper sa-w-100 sa-p-4\">\n\t\t\t\t\t<div class=\"sa-post-meta sa-d-flex sa-mb-1\">\n\n\t\t\t\t\t\t\n\t\t\t\t\t\t\n\t\t\t\t\t<\/div>\n\n\t\t\t\t\t<h3 class=\"sa-post-title sa-mb-2\"><a href=\"https:\/\/suis.com\/ceviri\/northern-egea-water-allocation-project\/\" title=\"Kuzey Ege Havzas\u0131 Su Tahsisi Projesi\">Kuzey Ege Havzas\u0131 Su Tahsisi Projesi<\/a><\/h3>\t\t\t\t<\/div>\n\t\t\t<\/div>\n\t\t<\/div>\n\t\t        <\/div>\r\n        <\/div>\r\n\r\n                <!-- If we need navigation buttons -->\r\n        <div class=\"sa-swiper-button-prev sa-slider-navigation sa-icon-wrap\">\r\n                            <svg xmlns=\"http:\/\/www.w3.org\/2000\/svg\" viewbox=\"0 0 27 44\">\r\n                    <path d=\"M0,22L22,0l2.1,2.1L4.2,22l19.9,19.9L22,44L0,22L0,22L0,22z\">\r\n                <\/svg>\r\n            \r\n        <\/div>\r\n        <div class=\"sa-swiper-button-next sa-slider-navigation sa-icon-wrap\">\r\n                            <svg xmlns=\"http:\/\/www.w3.org\/2000\/svg\" viewbox=\"0 0 27 44\">\r\n                    <path d=\"M27,22L27,22L5,44l-2.1-2.1L22.8,22L2.9,2.1L5,0L27,22L27,22z\">\r\n                <\/svg>\r\n                    <\/div>\r\n            <!-- If we need pagination -->\r\n        <div class=\"swiper-pagination\"><\/div>\r\n            <\/div>\r\n\t\t<\/div>\n\t\t\t\t<\/div>\n\t\t\t\t\t<\/div>\n\t\t\t\t<\/div>\n\t\t\t\t<\/div>","protected":false},"excerpt":{"rendered":"<p>Climate Change Cl\u0131mate Change Sui\u015f Proje has been involved in many projects determining the impacts of climate change on water resources. We develop and implement innovative methods and tools to provide consultancy services on climate change and water resources. RELATED PROJECTS Flood Management Plans for Euphrates and Tigris Sub Basins Drinking Water Safety Plan from [&hellip;]<\/p>","protected":false},"author":1,"featured_media":0,"parent":0,"menu_order":0,"comment_status":"closed","ping_status":"closed","template":"elementor_header_footer","meta":{"_acf_changed":false,"footnotes":""},"acf":[],"_links":{"self":[{"href":"https:\/\/suis.com\/ceviri\/wp-json\/wp\/v2\/pages\/7477"}],"collection":[{"href":"https:\/\/suis.com\/ceviri\/wp-json\/wp\/v2\/pages"}],"about":[{"href":"https:\/\/suis.com\/ceviri\/wp-json\/wp\/v2\/types\/page"}],"author":[{"embeddable":true,"href":"https:\/\/suis.com\/ceviri\/wp-json\/wp\/v2\/users\/1"}],"replies":[{"embeddable":true,"href":"https:\/\/suis.com\/ceviri\/wp-json\/wp\/v2\/comments?post=7477"}],"version-history":[{"count":130,"href":"https:\/\/suis.com\/ceviri\/wp-json\/wp\/v2\/pages\/7477\/revisions"}],"predecessor-version":[{"id":8572,"href":"https:\/\/suis.com\/ceviri\/wp-json\/wp\/v2\/pages\/7477\/revisions\/8572"}],"wp:attachment":[{"href":"https:\/\/suis.com\/ceviri\/wp-json\/wp\/v2\/media?parent=7477"}],"curies":[{"name":"wp","href":"https:\/\/api.w.org\/{rel}","templated":true}]}}