{"id":7447,"date":"2024-03-19T23:10:21","date_gmt":"2024-03-19T23:10:21","guid":{"rendered":"https:\/\/suis.com\/?page_id=7447"},"modified":"2024-03-25T07:21:28","modified_gmt":"2024-03-25T07:21:28","slug":"irrigation-expertise","status":"publish","type":"page","link":"https:\/\/suis.com\/ceviri\/irrigation-expertise\/","title":{"rendered":"Irrigation-Expertise"},"content":{"rendered":"<div data-elementor-type=\"wp-page\" data-elementor-id=\"7447\" class=\"elementor elementor-7447\" data-elementor-post-type=\"page\">\n\t\t\t\t\t\t<section data-particle_enable=\"false\" data-particle-mobile-disabled=\"false\" class=\"elementor-section elementor-top-section elementor-element elementor-element-5881d8fd elementor-section-full_width elementor-section-height-default elementor-section-height-default\" data-id=\"5881d8fd\" data-element_type=\"section\" data-settings=\"{&quot;background_background&quot;:&quot;classic&quot;,&quot;_ha_eqh_enable&quot;:false}\">\n\t\t\t\t\t\t\t<div class=\"elementor-background-overlay\"><\/div>\n\t\t\t\t\t\t\t<div class=\"elementor-container elementor-column-gap-default\">\n\t\t\t\t\t<div class=\"elementor-column elementor-col-100 elementor-top-column elementor-element elementor-element-2ceb4f3b\" data-id=\"2ceb4f3b\" data-element_type=\"column\" data-settings=\"{&quot;background_background&quot;:&quot;classic&quot;}\">\n\t\t\t<div class=\"elementor-widget-wrap elementor-element-populated\">\n\t\t\t\t\t\t<div class=\"elementor-element elementor-element-652fe5a1 elementor-widget elementor-widget-button\" data-id=\"652fe5a1\" data-element_type=\"widget\" data-widget_type=\"button.default\">\n\t\t\t\t<div class=\"elementor-widget-container\">\n\t\t\t\t\t<div class=\"elementor-button-wrapper\">\n\t\t\t<a class=\"elementor-button elementor-size-sm\" role=\"button\">\n\t\t\t\t\t\t<span class=\"elementor-button-content-wrapper\">\n\t\t\t\t\t\t<span class=\"elementor-button-text\">Sulama<\/span>\n\t\t<\/span>\n\t\t\t\t\t<\/a>\n\t\t<\/div>\n\t\t\t\t<\/div>\n\t\t\t\t<\/div>\n\t\t\t\t\t<\/div>\n\t\t<\/div>\n\t\t\t\t\t<\/div>\n\t\t<\/section>\n\t\t\t\t<section data-particle_enable=\"false\" data-particle-mobile-disabled=\"false\" class=\"elementor-section elementor-top-section elementor-element elementor-element-1362cbd elementor-section-boxed elementor-section-height-default elementor-section-height-default\" data-id=\"1362cbd\" data-element_type=\"section\" id=\"about\" data-settings=\"{&quot;_ha_eqh_enable&quot;:false}\">\n\t\t\t\t\t\t<div class=\"elementor-container elementor-column-gap-default\">\n\t\t\t\t\t<div class=\"elementor-column elementor-col-100 elementor-top-column elementor-element elementor-element-ac17b60\" data-id=\"ac17b60\" data-element_type=\"column\">\n\t\t\t<div class=\"elementor-widget-wrap elementor-element-populated\">\n\t\t\t\t\t\t<div class=\"elementor-element elementor-element-6c62507 elementor-widget elementor-widget-heading bdevs-el heading\" data-id=\"6c62507\" data-element_type=\"widget\" data-settings=\"{&quot;design_style&quot;:&quot;style_2&quot;}\" data-widget_type=\"heading.default\">\n\t\t\t\t<div class=\"elementor-widget-container\">\n\t\t\t<style>\/*! elementor - v3.20.0 - 26-03-2024 *\/\n.elementor-heading-title{padding:0;margin:0;line-height:1}.elementor-widget-heading .elementor-heading-title[class*=elementor-size-]>a{color:inherit;font-size:inherit;line-height:inherit}.elementor-widget-heading .elementor-heading-title.elementor-size-small{font-size:15px}.elementor-widget-heading .elementor-heading-title.elementor-size-medium{font-size:19px}.elementor-widget-heading .elementor-heading-title.elementor-size-large{font-size:29px}.elementor-widget-heading .elementor-heading-title.elementor-size-xl{font-size:39px}.elementor-widget-heading .elementor-heading-title.elementor-size-xxl{font-size:59px}<\/style>\r\n                    <div class=\"section_title_area position-relative pt-120 bdevs-el-content\">\r\n                <div class=\"container\">\r\n                    <div class=\"row mb-80\">\r\n                        <div class=\"col-lg-6\">\r\n                            <div class=\"about1__title-left\">\r\n                                <div class=\"title_style1 text-right\">\r\n                                    \r\n                                    <h2 class=\"section-title bdevs-el-title\">Irr\u0131gat\u0131on<\/h2>                                <\/div>\r\n                            <\/div>\r\n                        <\/div>\r\n                                                    <div class=\"col-lg-6\">\r\n                                <div class=\"about1__title-right\">\r\n                                    <p>More than 1,000,000 ha have been made available for irrigation with the contributions of the irrigation and drainage projects carried out by Sui\u015f Proje. \n\nWe provide leading consultancy services aimed at improving irrigation, drainage and water resources management. We closely match our well-proven technical skills with a sensitivity to agricultural, social, environmental, institutional and economic issues to develop sustainable irrigation as part of a coherent approach to improving rural livelihoods.<\/p>\r\n                                <\/div>\r\n                            <\/div>\r\n                                            <\/div>\r\n                <\/div>\r\n            <\/div>\r\n\r\n        \r\n\t\t<\/div>\n\t\t\t\t<\/div>\n\t\t\t\t\t<\/div>\n\t\t<\/div>\n\t\t\t\t\t<\/div>\n\t\t<\/section>\n\t\t<div data-particle_enable=\"false\" data-particle-mobile-disabled=\"false\" class=\"elementor-element elementor-element-77966418 e-flex e-con-boxed e-con e-parent\" data-id=\"77966418\" data-element_type=\"container\" data-settings=\"{&quot;_ha_eqh_enable&quot;:false}\" data-core-v316-plus=\"true\">\n\t\t\t\t\t<div class=\"e-con-inner\">\n\t\t\t\t<div class=\"elementor-element elementor-element-efded8b elementor-widget elementor-widget-text-editor\" data-id=\"efded8b\" data-element_type=\"widget\" data-widget_type=\"text-editor.default\">\n\t\t\t\t<div class=\"elementor-widget-container\">\n\t\t\t<style>\/*! elementor - v3.20.0 - 26-03-2024 *\/\n.elementor-widget-text-editor.elementor-drop-cap-view-stacked .elementor-drop-cap{background-color:#69727d;color:#fff}.elementor-widget-text-editor.elementor-drop-cap-view-framed .elementor-drop-cap{color:#69727d;border:3px solid;background-color:transparent}.elementor-widget-text-editor:not(.elementor-drop-cap-view-default) .elementor-drop-cap{margin-top:8px}.elementor-widget-text-editor:not(.elementor-drop-cap-view-default) .elementor-drop-cap-letter{width:1em;height:1em}.elementor-widget-text-editor .elementor-drop-cap{float:left;text-align:center;line-height:1;font-size:50px}.elementor-widget-text-editor .elementor-drop-cap-letter{display:inline-block}<\/style>\t\t\t\tRELATED PROJECTS \t\t\t\t\t\t<\/div>\n\t\t\t\t<\/div>\n\t\t\t\t<div class=\"elementor-element elementor-element-639942e9 elementor-aspect-ratio-169 elementor-widget elementor-widget-sky-luster-carousel\" data-id=\"639942e9\" data-element_type=\"widget\" data-widget_type=\"sky-luster-carousel.default\">\n\t\t\t\t<div class=\"elementor-widget-container\">\n\t\t\t\n\t\t<div data-settings=\"{&quot;direction&quot;:&quot;horizontal&quot;,&quot;autoplay&quot;:{&quot;delay&quot;:5000},&quot;loop&quot;:true,&quot;speed&quot;:500,&quot;slidesPerView&quot;:1,&quot;slidesPerGroup&quot;:1,&quot;spaceBetween&quot;:10,&quot;effect&quot;:&quot;slide&quot;,&quot;coverflowEffect&quot;:{&quot;depth&quot;:100,&quot;modifier&quot;:1,&quot;rotate&quot;:50,&quot;stretch&quot;:0,&quot;slideShadows&quot;:false},&quot;flipEffect&quot;:{&quot;slideShadows&quot;:false},&quot;cubeEffect&quot;:{&quot;slideShadows&quot;:false},&quot;observer&quot;:true,&quot;observeParents&quot;:true,&quot;watchSlidesVisibility&quot;:true,&quot;watchSlidesProgress&quot;:true,&quot;breakpoints&quot;:{&quot;767&quot;:{&quot;slidesPerView&quot;:2,&quot;spaceBetween&quot;:16,&quot;slidesPerGroup&quot;:1},&quot;1023&quot;:{&quot;slidesPerView&quot;:4,&quot;spaceBetween&quot;:20,&quot;slidesPerGroup&quot;:1}},&quot;navigation&quot;:{&quot;nextEl&quot;:&quot;#sa-luster-carousel-639942e9 .sa-swiper-button-next&quot;,&quot;prevEl&quot;:&quot;#sa-luster-carousel-639942e9 .sa-swiper-button-prev&quot;},&quot;pagination&quot;:{&quot;el&quot;:&quot;#sa-luster-carousel-639942e9 .swiper-pagination&quot;,&quot;clickable&quot;:true,&quot;type&quot;:&quot;bullets&quot;,&quot;dynamicBullets&quot;:false},&quot;scrollbar&quot;:{&quot;el&quot;:&quot;#sa-luster-carousel-639942e9 .swiper-scrollbar&quot;,&quot;hide&quot;:&quot;true&quot;}}\" class=\"sa-luster-carousel sa-swiper-global-carousel sa-img-effect-1\" id=\"sa-luster-carousel-639942e9\">\n\t\t\t<div class=\"swiper-container\">\n\t\t\t\t<div class=\"swiper-wrapper\">\n\n\t\t\t\t\t\t\t<div class=\"swiper-slide\">\n\t\t\t<div class=\"sa-post-item sa-d-flex sa-w-100 sa-h-100\">\n\n\t\t\t\t\t\t<div class=\"sa-post-img-wrapper sa-d-flex\">\r\n\t\t\t\t\t\t\t<!-- Extra - Link added in Image -->\r\n\t\t\t\t<a class=\"sa-w-100 sa-h-100\" href=\"https:\/\/suis.com\/ceviri\/malatya-plains-irrigation-rehabilitation\/\"\r\n\t\t\t\t\ttitle=\"Malatya Plains Irrigation Rehabilitation\">\r\n\t\t\t\t\t<img fetchpriority=\"high\" decoding=\"async\" width=\"2560\" height=\"1707\" src=\"https:\/\/suis.com\/wp-content\/uploads\/2024\/03\/ANA_UST-min-17-scaled.jpg\" class=\"sa-post-img\" alt=\"Malatya Plains Irrigation Rehabilitation\" srcset=\"https:\/\/suis.com\/wp-content\/uploads\/2024\/03\/ANA_UST-min-17-scaled.jpg 2560w, https:\/\/suis.com\/wp-content\/uploads\/2024\/03\/ANA_UST-min-17-300x200.jpg 300w, https:\/\/suis.com\/wp-content\/uploads\/2024\/03\/ANA_UST-min-17-1024x683.jpg 1024w, https:\/\/suis.com\/wp-content\/uploads\/2024\/03\/ANA_UST-min-17-768x512.jpg 768w, https:\/\/suis.com\/wp-content\/uploads\/2024\/03\/ANA_UST-min-17-1536x1024.jpg 1536w, https:\/\/suis.com\/wp-content\/uploads\/2024\/03\/ANA_UST-min-17-2048x1365.jpg 2048w\" sizes=\"(max-width: 2560px) 100vw, 2560px\" \/>\t\t\t\t<\/a>\r\n\t\t\t\r\n\t\t\t\t\t<\/div>\r\n\t\t\t\t\t\t\t\t\t\t<div class=\"sa-post-content-wrapper sa-w-100 sa-p-4\">\n\t\t\t\t\t<div class=\"sa-post-meta sa-d-flex sa-mb-1\">\n\n\t\t\t\t\t\t\n\t\t\t\t\t\t\n\t\t\t\t\t<\/div>\n\n\t\t\t\t\t<h3 class=\"sa-post-title sa-mb-2\"><a href=\"https:\/\/suis.com\/ceviri\/malatya-plains-irrigation-rehabilitation\/\" title=\"Malatya Plains Irrigation Rehabilitation\">Malatya Plains Irrigation Rehabilitation<\/a><\/h3>\t\t\t\t<\/div>\n\t\t\t<\/div>\n\t\t<\/div>\n\t\t\t\t<div class=\"swiper-slide\">\n\t\t\t<div class=\"sa-post-item sa-d-flex sa-w-100 sa-h-100\">\n\n\t\t\t\t\t\t<div class=\"sa-post-img-wrapper sa-d-flex\">\r\n\t\t\t\t\t\t\t<!-- Extra - Link added in Image -->\r\n\t\t\t\t<a class=\"sa-w-100 sa-h-100\" href=\"https:\/\/suis.com\/ceviri\/pakistan-irrigation\/\"\r\n\t\t\t\t\ttitle=\"Pakistan &#8211; Irrigation\">\r\n\t\t\t\t\t<img decoding=\"async\" width=\"2560\" height=\"1696\" src=\"https:\/\/suis.com\/wp-content\/uploads\/2024\/03\/ANA_UST-min-18-scaled.jpg\" class=\"sa-post-img\" alt=\"Pakistan &#8211; Irrigation\" srcset=\"https:\/\/suis.com\/wp-content\/uploads\/2024\/03\/ANA_UST-min-18-scaled.jpg 2560w, https:\/\/suis.com\/wp-content\/uploads\/2024\/03\/ANA_UST-min-18-300x199.jpg 300w, https:\/\/suis.com\/wp-content\/uploads\/2024\/03\/ANA_UST-min-18-1024x678.jpg 1024w, https:\/\/suis.com\/wp-content\/uploads\/2024\/03\/ANA_UST-min-18-768x509.jpg 768w, https:\/\/suis.com\/wp-content\/uploads\/2024\/03\/ANA_UST-min-18-1536x1017.jpg 1536w, https:\/\/suis.com\/wp-content\/uploads\/2024\/03\/ANA_UST-min-18-2048x1356.jpg 2048w\" sizes=\"(max-width: 2560px) 100vw, 2560px\" \/>\t\t\t\t<\/a>\r\n\t\t\t\r\n\t\t\t\t\t<\/div>\r\n\t\t\t\t\t\t\t\t\t\t<div class=\"sa-post-content-wrapper sa-w-100 sa-p-4\">\n\t\t\t\t\t<div class=\"sa-post-meta sa-d-flex sa-mb-1\">\n\n\t\t\t\t\t\t\n\t\t\t\t\t\t\n\t\t\t\t\t<\/div>\n\n\t\t\t\t\t<h3 class=\"sa-post-title sa-mb-2\"><a href=\"https:\/\/suis.com\/ceviri\/pakistan-irrigation\/\" title=\"Pakistan &#8211; Irrigation\">Pakistan &#8211; Irrigation<\/a><\/h3>\t\t\t\t<\/div>\n\t\t\t<\/div>\n\t\t<\/div>\n\t\t\t\t<div class=\"swiper-slide\">\n\t\t\t<div class=\"sa-post-item sa-d-flex sa-w-100 sa-h-100\">\n\n\t\t\t\t\t\t<div class=\"sa-post-img-wrapper sa-d-flex\">\r\n\t\t\t\t\t\t\t<!-- Extra - Link added in Image -->\r\n\t\t\t\t<a class=\"sa-w-100 sa-h-100\" href=\"https:\/\/suis.com\/ceviri\/mardin-ceylanpinar-plains-irrigation\/\"\r\n\t\t\t\t\ttitle=\"Mardin-Ceylanp\u0131nar Plains Irrigation\">\r\n\t\t\t\t\t<img decoding=\"async\" width=\"2560\" height=\"1920\" src=\"https:\/\/suis.com\/wp-content\/uploads\/2024\/03\/ANA_UST-min-19-scaled.jpg\" class=\"sa-post-img\" alt=\"Mardin-Ceylanp\u0131nar Plains Irrigation\" srcset=\"https:\/\/suis.com\/wp-content\/uploads\/2024\/03\/ANA_UST-min-19-scaled.jpg 2560w, https:\/\/suis.com\/wp-content\/uploads\/2024\/03\/ANA_UST-min-19-300x225.jpg 300w, https:\/\/suis.com\/wp-content\/uploads\/2024\/03\/ANA_UST-min-19-1024x768.jpg 1024w, https:\/\/suis.com\/wp-content\/uploads\/2024\/03\/ANA_UST-min-19-768x576.jpg 768w, https:\/\/suis.com\/wp-content\/uploads\/2024\/03\/ANA_UST-min-19-1536x1152.jpg 1536w, https:\/\/suis.com\/wp-content\/uploads\/2024\/03\/ANA_UST-min-19-2048x1536.jpg 2048w\" sizes=\"(max-width: 2560px) 100vw, 2560px\" \/>\t\t\t\t<\/a>\r\n\t\t\t\r\n\t\t\t\t\t<\/div>\r\n\t\t\t\t\t\t\t\t\t\t<div class=\"sa-post-content-wrapper sa-w-100 sa-p-4\">\n\t\t\t\t\t<div class=\"sa-post-meta sa-d-flex sa-mb-1\">\n\n\t\t\t\t\t\t\n\t\t\t\t\t\t\n\t\t\t\t\t<\/div>\n\n\t\t\t\t\t<h3 class=\"sa-post-title sa-mb-2\"><a href=\"https:\/\/suis.com\/ceviri\/mardin-ceylanpinar-plains-irrigation\/\" title=\"Mardin-Ceylanp\u0131nar Plains Irrigation\">Mardin-Ceylanp\u0131nar Plains Irrigation<\/a><\/h3>\t\t\t\t<\/div>\n\t\t\t<\/div>\n\t\t<\/div>\n\t\t\t\t<div class=\"swiper-slide\">\n\t\t\t<div class=\"sa-post-item sa-d-flex sa-w-100 sa-h-100\">\n\n\t\t\t\t\t\t<div class=\"sa-post-img-wrapper sa-d-flex\">\r\n\t\t\t\t\t\t\t<!-- Extra - Link added in Image -->\r\n\t\t\t\t<a class=\"sa-w-100 sa-h-100\" href=\"https:\/\/suis.com\/ceviri\/the-restoration-and-development-of-amelioration-and-water-management-complex-in-agdam-region\/\"\r\n\t\t\t\t\ttitle=\"A\u011fdam B\u00f6lgesinde \u0130yile\u015ftirme ve Su Y\u00f6netimi Kompleksinin Restorasyonu ve Geli\u015ftirilmesi\">\r\n\t\t\t\t\t<img loading=\"lazy\" decoding=\"async\" width=\"2560\" height=\"1440\" src=\"https:\/\/suis.com\/wp-content\/uploads\/2024\/03\/ANA_UST-min-20-scaled.jpg\" class=\"sa-post-img\" alt=\"The Restoration and Development of Amelioration and Water Management Complex in Agdam Region\" srcset=\"https:\/\/suis.com\/wp-content\/uploads\/2024\/03\/ANA_UST-min-20-scaled.jpg 2560w, https:\/\/suis.com\/wp-content\/uploads\/2024\/03\/ANA_UST-min-20-300x169.jpg 300w, https:\/\/suis.com\/wp-content\/uploads\/2024\/03\/ANA_UST-min-20-1024x576.jpg 1024w, https:\/\/suis.com\/wp-content\/uploads\/2024\/03\/ANA_UST-min-20-768x432.jpg 768w, https:\/\/suis.com\/wp-content\/uploads\/2024\/03\/ANA_UST-min-20-1536x864.jpg 1536w, https:\/\/suis.com\/wp-content\/uploads\/2024\/03\/ANA_UST-min-20-2048x1152.jpg 2048w\" sizes=\"(max-width: 2560px) 100vw, 2560px\" \/>\t\t\t\t<\/a>\r\n\t\t\t\r\n\t\t\t\t\t<\/div>\r\n\t\t\t\t\t\t\t\t\t\t<div class=\"sa-post-content-wrapper sa-w-100 sa-p-4\">\n\t\t\t\t\t<div class=\"sa-post-meta sa-d-flex sa-mb-1\">\n\n\t\t\t\t\t\t\n\t\t\t\t\t\t\n\t\t\t\t\t<\/div>\n\n\t\t\t\t\t<h3 class=\"sa-post-title sa-mb-2\"><a href=\"https:\/\/suis.com\/ceviri\/the-restoration-and-development-of-amelioration-and-water-management-complex-in-agdam-region\/\" title=\"A\u011fdam B\u00f6lgesinde \u0130yile\u015ftirme ve Su Y\u00f6netimi Kompleksinin Restorasyonu ve Geli\u015ftirilmesi\">A\u011fdam B\u00f6lgesinde \u0130yile\u015ftirme ve Su Y\u00f6netimi Kompleksinin Restorasyonu ve Geli\u015ftirilmesi<\/a><\/h3>\t\t\t\t<\/div>\n\t\t\t<\/div>\n\t\t<\/div>\n\t\t\t\t<div class=\"swiper-slide\">\n\t\t\t<div class=\"sa-post-item sa-d-flex sa-w-100 sa-h-100\">\n\n\t\t\t\t\t\t<div class=\"sa-post-img-wrapper sa-d-flex\">\r\n\t\t\t\t\t\t\t<!-- Extra - Link added in Image -->\r\n\t\t\t\t<a class=\"sa-w-100 sa-h-100\" href=\"https:\/\/suis.com\/ceviri\/samur-apsheron-irrigation-system\/\"\r\n\t\t\t\t\ttitle=\"Samur-Apsheron Irrigation System\">\r\n\t\t\t\t\t<img loading=\"lazy\" decoding=\"async\" width=\"2560\" height=\"1547\" src=\"https:\/\/suis.com\/wp-content\/uploads\/2024\/03\/ANA_UST-min-21-scaled.jpg\" class=\"sa-post-img\" alt=\"Samur-Apsheron Irrigation System\" srcset=\"https:\/\/suis.com\/wp-content\/uploads\/2024\/03\/ANA_UST-min-21-scaled.jpg 2560w, https:\/\/suis.com\/wp-content\/uploads\/2024\/03\/ANA_UST-min-21-300x181.jpg 300w, https:\/\/suis.com\/wp-content\/uploads\/2024\/03\/ANA_UST-min-21-1024x619.jpg 1024w, https:\/\/suis.com\/wp-content\/uploads\/2024\/03\/ANA_UST-min-21-768x464.jpg 768w, https:\/\/suis.com\/wp-content\/uploads\/2024\/03\/ANA_UST-min-21-1536x928.jpg 1536w, https:\/\/suis.com\/wp-content\/uploads\/2024\/03\/ANA_UST-min-21-2048x1237.jpg 2048w\" sizes=\"(max-width: 2560px) 100vw, 2560px\" \/>\t\t\t\t<\/a>\r\n\t\t\t\r\n\t\t\t\t\t<\/div>\r\n\t\t\t\t\t\t\t\t\t\t<div class=\"sa-post-content-wrapper sa-w-100 sa-p-4\">\n\t\t\t\t\t<div class=\"sa-post-meta sa-d-flex sa-mb-1\">\n\n\t\t\t\t\t\t\n\t\t\t\t\t\t\n\t\t\t\t\t<\/div>\n\n\t\t\t\t\t<h3 class=\"sa-post-title sa-mb-2\"><a href=\"https:\/\/suis.com\/ceviri\/samur-apsheron-irrigation-system\/\" title=\"Samur-Apsheron Irrigation System\">Samur-Apsheron Irrigation System<\/a><\/h3>\t\t\t\t<\/div>\n\t\t\t<\/div>\n\t\t<\/div>\n\t\t\t\t<div class=\"swiper-slide\">\n\t\t\t<div class=\"sa-post-item sa-d-flex sa-w-100 sa-h-100\">\n\n\t\t\t\t\t\t<div class=\"sa-post-img-wrapper sa-d-flex\">\r\n\t\t\t\t\t\t\t<!-- Extra - Link added in Image -->\r\n\t\t\t\t<a class=\"sa-w-100 sa-h-100\" href=\"https:\/\/suis.com\/ceviri\/the-restoration-and-development-of-amelioration-and-water-management-complex-in-qubadli\/\"\r\n\t\t\t\t\ttitle=\"The Restoration and Development of Amelioration and Water Management Complex in Qubadl\u0131\">\r\n\t\t\t\t\t<img loading=\"lazy\" decoding=\"async\" width=\"2560\" height=\"1250\" src=\"https:\/\/suis.com\/wp-content\/uploads\/2024\/03\/ANA_UST-min-22-scaled.jpg\" class=\"sa-post-img\" alt=\"The Restoration and Development of Amelioration and Water Management Complex in Qubadl\u0131\" srcset=\"https:\/\/suis.com\/wp-content\/uploads\/2024\/03\/ANA_UST-min-22-scaled.jpg 2560w, https:\/\/suis.com\/wp-content\/uploads\/2024\/03\/ANA_UST-min-22-300x147.jpg 300w, https:\/\/suis.com\/wp-content\/uploads\/2024\/03\/ANA_UST-min-22-1024x500.jpg 1024w, https:\/\/suis.com\/wp-content\/uploads\/2024\/03\/ANA_UST-min-22-768x375.jpg 768w, https:\/\/suis.com\/wp-content\/uploads\/2024\/03\/ANA_UST-min-22-1536x750.jpg 1536w, https:\/\/suis.com\/wp-content\/uploads\/2024\/03\/ANA_UST-min-22-2048x1000.jpg 2048w\" sizes=\"(max-width: 2560px) 100vw, 2560px\" \/>\t\t\t\t<\/a>\r\n\t\t\t\r\n\t\t\t\t\t<\/div>\r\n\t\t\t\t\t\t\t\t\t\t<div class=\"sa-post-content-wrapper sa-w-100 sa-p-4\">\n\t\t\t\t\t<div class=\"sa-post-meta sa-d-flex sa-mb-1\">\n\n\t\t\t\t\t\t\n\t\t\t\t\t\t\n\t\t\t\t\t<\/div>\n\n\t\t\t\t\t<h3 class=\"sa-post-title sa-mb-2\"><a href=\"https:\/\/suis.com\/ceviri\/the-restoration-and-development-of-amelioration-and-water-management-complex-in-qubadli\/\" title=\"The Restoration and Development of Amelioration and Water Management Complex in Qubadl\u0131\">The Restoration and Development of Amelioration and Water Management Complex in Qubadl\u0131<\/a><\/h3>\t\t\t\t<\/div>\n\t\t\t<\/div>\n\t\t<\/div>\n\t\t        <\/div>\r\n        <\/div>\r\n\r\n                <!-- If we need navigation buttons -->\r\n        <div class=\"sa-swiper-button-prev sa-slider-navigation sa-icon-wrap\">\r\n                            <svg xmlns=\"http:\/\/www.w3.org\/2000\/svg\" viewbox=\"0 0 27 44\">\r\n                    <path d=\"M0,22L22,0l2.1,2.1L4.2,22l19.9,19.9L22,44L0,22L0,22L0,22z\">\r\n                <\/svg>\r\n            \r\n        <\/div>\r\n        <div class=\"sa-swiper-button-next sa-slider-navigation sa-icon-wrap\">\r\n                            <svg xmlns=\"http:\/\/www.w3.org\/2000\/svg\" viewbox=\"0 0 27 44\">\r\n                    <path d=\"M27,22L27,22L5,44l-2.1-2.1L22.8,22L2.9,2.1L5,0L27,22L27,22z\">\r\n                <\/svg>\r\n                    <\/div>\r\n            <!-- If we need pagination -->\r\n        <div class=\"swiper-pagination\"><\/div>\r\n            <\/div>\r\n\t\t<\/div>\n\t\t\t\t<\/div>\n\t\t\t\t\t<\/div>\n\t\t\t\t<\/div>\n\t\t\t\t<\/div>","protected":false},"excerpt":{"rendered":"<p>Irrigation Irr\u0131gat\u0131on More than 1,000,000 ha have been made available for irrigation with the contributions of the irrigation and drainage projects carried out by Sui\u015f Proje. We provide leading consultancy services aimed at improving irrigation, drainage and water resources management. We closely match our well-proven technical skills with a sensitivity to agricultural, social, environmental, institutional [&hellip;]<\/p>","protected":false},"author":1,"featured_media":0,"parent":0,"menu_order":0,"comment_status":"closed","ping_status":"closed","template":"elementor_header_footer","meta":{"_acf_changed":false,"footnotes":""},"acf":[],"_links":{"self":[{"href":"https:\/\/suis.com\/ceviri\/wp-json\/wp\/v2\/pages\/7447"}],"collection":[{"href":"https:\/\/suis.com\/ceviri\/wp-json\/wp\/v2\/pages"}],"about":[{"href":"https:\/\/suis.com\/ceviri\/wp-json\/wp\/v2\/types\/page"}],"author":[{"embeddable":true,"href":"https:\/\/suis.com\/ceviri\/wp-json\/wp\/v2\/users\/1"}],"replies":[{"embeddable":true,"href":"https:\/\/suis.com\/ceviri\/wp-json\/wp\/v2\/comments?post=7447"}],"version-history":[{"count":46,"href":"https:\/\/suis.com\/ceviri\/wp-json\/wp\/v2\/pages\/7447\/revisions"}],"predecessor-version":[{"id":9308,"href":"https:\/\/suis.com\/ceviri\/wp-json\/wp\/v2\/pages\/7447\/revisions\/9308"}],"wp:attachment":[{"href":"https:\/\/suis.com\/ceviri\/wp-json\/wp\/v2\/media?parent=7447"}],"curies":[{"name":"wp","href":"https:\/\/api.w.org\/{rel}","templated":true}]}}