{"id":7412,"date":"2024-03-19T22:52:44","date_gmt":"2024-03-19T22:52:44","guid":{"rendered":"https:\/\/suis.com\/?page_id=7412"},"modified":"2024-03-25T07:20:19","modified_gmt":"2024-03-25T07:20:19","slug":"dams-hdyropower-expertise","status":"publish","type":"page","link":"https:\/\/suis.com\/ceviri\/dams-hdyropower-expertise\/","title":{"rendered":"Dams &#038; Hdyropower-Expertise"},"content":{"rendered":"<div data-elementor-type=\"wp-page\" data-elementor-id=\"7412\" class=\"elementor elementor-7412\" data-elementor-post-type=\"page\">\n\t\t\t\t\t\t<section data-particle_enable=\"false\" data-particle-mobile-disabled=\"false\" class=\"elementor-section elementor-top-section elementor-element elementor-element-2f340c34 elementor-section-full_width elementor-section-height-default elementor-section-height-default\" data-id=\"2f340c34\" data-element_type=\"section\" data-settings=\"{&quot;background_background&quot;:&quot;classic&quot;,&quot;_ha_eqh_enable&quot;:false}\">\n\t\t\t\t\t\t\t<div class=\"elementor-background-overlay\"><\/div>\n\t\t\t\t\t\t\t<div class=\"elementor-container elementor-column-gap-default\">\n\t\t\t\t\t<div class=\"elementor-column elementor-col-100 elementor-top-column elementor-element elementor-element-37d5083a\" data-id=\"37d5083a\" data-element_type=\"column\" data-settings=\"{&quot;background_background&quot;:&quot;classic&quot;}\">\n\t\t\t<div class=\"elementor-widget-wrap elementor-element-populated\">\n\t\t\t\t\t\t<div class=\"elementor-element elementor-element-4f794b1e elementor-widget elementor-widget-button\" data-id=\"4f794b1e\" data-element_type=\"widget\" data-widget_type=\"button.default\">\n\t\t\t\t<div class=\"elementor-widget-container\">\n\t\t\t\t\t<div class=\"elementor-button-wrapper\">\n\t\t\t<a class=\"elementor-button elementor-size-sm\" role=\"button\">\n\t\t\t\t\t\t<span class=\"elementor-button-content-wrapper\">\n\t\t\t\t\t\t<span class=\"elementor-button-text\">Barajlar &amp; HESler<\/span>\n\t\t<\/span>\n\t\t\t\t\t<\/a>\n\t\t<\/div>\n\t\t\t\t<\/div>\n\t\t\t\t<\/div>\n\t\t\t\t\t<\/div>\n\t\t<\/div>\n\t\t\t\t\t<\/div>\n\t\t<\/section>\n\t\t\t\t<section data-particle_enable=\"false\" data-particle-mobile-disabled=\"false\" class=\"elementor-section elementor-top-section elementor-element elementor-element-1362cbd elementor-section-boxed elementor-section-height-default elementor-section-height-default\" data-id=\"1362cbd\" data-element_type=\"section\" id=\"about\" data-settings=\"{&quot;_ha_eqh_enable&quot;:false}\">\n\t\t\t\t\t\t<div class=\"elementor-container elementor-column-gap-default\">\n\t\t\t\t\t<div class=\"elementor-column elementor-col-100 elementor-top-column elementor-element elementor-element-ac17b60\" data-id=\"ac17b60\" data-element_type=\"column\">\n\t\t\t<div class=\"elementor-widget-wrap elementor-element-populated\">\n\t\t\t\t\t\t<div class=\"elementor-element elementor-element-6c62507 elementor-widget elementor-widget-heading bdevs-el heading\" data-id=\"6c62507\" data-element_type=\"widget\" data-settings=\"{&quot;design_style&quot;:&quot;style_2&quot;}\" data-widget_type=\"heading.default\">\n\t\t\t\t<div class=\"elementor-widget-container\">\n\t\t\t<style>\/*! elementor - v3.20.0 - 26-03-2024 *\/\n.elementor-heading-title{padding:0;margin:0;line-height:1}.elementor-widget-heading .elementor-heading-title[class*=elementor-size-]>a{color:inherit;font-size:inherit;line-height:inherit}.elementor-widget-heading .elementor-heading-title.elementor-size-small{font-size:15px}.elementor-widget-heading .elementor-heading-title.elementor-size-medium{font-size:19px}.elementor-widget-heading .elementor-heading-title.elementor-size-large{font-size:29px}.elementor-widget-heading .elementor-heading-title.elementor-size-xl{font-size:39px}.elementor-widget-heading .elementor-heading-title.elementor-size-xxl{font-size:59px}<\/style>\r\n                    <div class=\"section_title_area position-relative pt-120 bdevs-el-content\">\r\n                <div class=\"container\">\r\n                    <div class=\"row mb-80\">\r\n                        <div class=\"col-lg-6\">\r\n                            <div class=\"about1__title-left\">\r\n                                <div class=\"title_style1 text-right\">\r\n                                    \r\n                                    <h2 class=\"section-title bdevs-el-title\">Dams &amp; Hdyropower<\/h2>                                <\/div>\r\n                            <\/div>\r\n                        <\/div>\r\n                                                    <div class=\"col-lg-6\">\r\n                                <div class=\"about1__title-right\">\r\n                                    <p>As a pioneer in the design of dams and large hydraulic structures, Sui\u015f Proje offers added value and sustainable solutions for investments that meet technical, operational and economic expectations.\n\nTo date, we have provided feasibility, detailed design and construction supervision services for more than 100 dams and hydroelectric power plants.<\/p>\r\n                                <\/div>\r\n                            <\/div>\r\n                                            <\/div>\r\n                <\/div>\r\n            <\/div>\r\n\r\n        \r\n\t\t<\/div>\n\t\t\t\t<\/div>\n\t\t\t\t\t<\/div>\n\t\t<\/div>\n\t\t\t\t\t<\/div>\n\t\t<\/section>\n\t\t<div data-particle_enable=\"false\" data-particle-mobile-disabled=\"false\" class=\"elementor-element elementor-element-77966418 e-flex e-con-boxed e-con e-parent\" data-id=\"77966418\" data-element_type=\"container\" data-settings=\"{&quot;_ha_eqh_enable&quot;:false}\" data-core-v316-plus=\"true\">\n\t\t\t\t\t<div class=\"e-con-inner\">\n\t\t\t\t<div class=\"elementor-element elementor-element-efded8b elementor-widget elementor-widget-text-editor\" data-id=\"efded8b\" data-element_type=\"widget\" data-widget_type=\"text-editor.default\">\n\t\t\t\t<div class=\"elementor-widget-container\">\n\t\t\t<style>\/*! elementor - v3.20.0 - 26-03-2024 *\/\n.elementor-widget-text-editor.elementor-drop-cap-view-stacked .elementor-drop-cap{background-color:#69727d;color:#fff}.elementor-widget-text-editor.elementor-drop-cap-view-framed .elementor-drop-cap{color:#69727d;border:3px solid;background-color:transparent}.elementor-widget-text-editor:not(.elementor-drop-cap-view-default) .elementor-drop-cap{margin-top:8px}.elementor-widget-text-editor:not(.elementor-drop-cap-view-default) .elementor-drop-cap-letter{width:1em;height:1em}.elementor-widget-text-editor .elementor-drop-cap{float:left;text-align:center;line-height:1;font-size:50px}.elementor-widget-text-editor .elementor-drop-cap-letter{display:inline-block}<\/style>\t\t\t\tRELATED PROJECTS \t\t\t\t\t\t<\/div>\n\t\t\t\t<\/div>\n\t\t\t\t<div class=\"elementor-element elementor-element-639942e9 elementor-aspect-ratio-169 elementor-widget elementor-widget-sky-luster-carousel\" data-id=\"639942e9\" data-element_type=\"widget\" data-widget_type=\"sky-luster-carousel.default\">\n\t\t\t\t<div class=\"elementor-widget-container\">\n\t\t\t\n\t\t<div data-settings=\"{&quot;direction&quot;:&quot;horizontal&quot;,&quot;autoplay&quot;:{&quot;delay&quot;:5000},&quot;loop&quot;:true,&quot;speed&quot;:500,&quot;slidesPerView&quot;:1,&quot;slidesPerGroup&quot;:1,&quot;spaceBetween&quot;:10,&quot;effect&quot;:&quot;slide&quot;,&quot;coverflowEffect&quot;:{&quot;depth&quot;:100,&quot;modifier&quot;:1,&quot;rotate&quot;:50,&quot;stretch&quot;:0,&quot;slideShadows&quot;:false},&quot;flipEffect&quot;:{&quot;slideShadows&quot;:false},&quot;cubeEffect&quot;:{&quot;slideShadows&quot;:false},&quot;observer&quot;:true,&quot;observeParents&quot;:true,&quot;watchSlidesVisibility&quot;:true,&quot;watchSlidesProgress&quot;:true,&quot;breakpoints&quot;:{&quot;767&quot;:{&quot;slidesPerView&quot;:2,&quot;spaceBetween&quot;:16,&quot;slidesPerGroup&quot;:1},&quot;1023&quot;:{&quot;slidesPerView&quot;:4,&quot;spaceBetween&quot;:20,&quot;slidesPerGroup&quot;:1}},&quot;navigation&quot;:{&quot;nextEl&quot;:&quot;#sa-luster-carousel-639942e9 .sa-swiper-button-next&quot;,&quot;prevEl&quot;:&quot;#sa-luster-carousel-639942e9 .sa-swiper-button-prev&quot;},&quot;pagination&quot;:{&quot;el&quot;:&quot;#sa-luster-carousel-639942e9 .swiper-pagination&quot;,&quot;clickable&quot;:true,&quot;type&quot;:&quot;bullets&quot;,&quot;dynamicBullets&quot;:false},&quot;scrollbar&quot;:{&quot;el&quot;:&quot;#sa-luster-carousel-639942e9 .swiper-scrollbar&quot;,&quot;hide&quot;:&quot;true&quot;}}\" class=\"sa-luster-carousel sa-swiper-global-carousel sa-img-effect-1\" id=\"sa-luster-carousel-639942e9\">\n\t\t\t<div class=\"swiper-container\">\n\t\t\t\t<div class=\"swiper-wrapper\">\n\n\t\t\t\t\t\t\t<div class=\"swiper-slide\">\n\t\t\t<div class=\"sa-post-item sa-d-flex sa-w-100 sa-h-100\">\n\n\t\t\t\t\t\t<div class=\"sa-post-img-wrapper sa-d-flex\">\r\n\t\t\t\t\t\t\t<!-- Extra - Link added in Image -->\r\n\t\t\t\t<a class=\"sa-w-100 sa-h-100\" href=\"https:\/\/suis.com\/ceviri\/revised-rehabilitation-design-of-melen-dam-water\/\"\r\n\t\t\t\t\ttitle=\"Revised Rehabilitation Design of Melen Dam\">\r\n\t\t\t\t\t<img fetchpriority=\"high\" decoding=\"async\" width=\"2560\" height=\"1707\" src=\"https:\/\/suis.com\/wp-content\/uploads\/2024\/03\/ANA_UST-min-11-scaled.jpg\" class=\"sa-post-img\" alt=\"Revised Rehabilitation Design of Melen Dam\" srcset=\"https:\/\/suis.com\/wp-content\/uploads\/2024\/03\/ANA_UST-min-11-scaled.jpg 2560w, https:\/\/suis.com\/wp-content\/uploads\/2024\/03\/ANA_UST-min-11-300x200.jpg 300w, https:\/\/suis.com\/wp-content\/uploads\/2024\/03\/ANA_UST-min-11-1024x683.jpg 1024w, https:\/\/suis.com\/wp-content\/uploads\/2024\/03\/ANA_UST-min-11-768x512.jpg 768w, https:\/\/suis.com\/wp-content\/uploads\/2024\/03\/ANA_UST-min-11-1536x1024.jpg 1536w, https:\/\/suis.com\/wp-content\/uploads\/2024\/03\/ANA_UST-min-11-2048x1365.jpg 2048w\" sizes=\"(max-width: 2560px) 100vw, 2560px\" \/>\t\t\t\t<\/a>\r\n\t\t\t\r\n\t\t\t\t\t<\/div>\r\n\t\t\t\t\t\t\t\t\t\t<div class=\"sa-post-content-wrapper sa-w-100 sa-p-4\">\n\t\t\t\t\t<div class=\"sa-post-meta sa-d-flex sa-mb-1\">\n\n\t\t\t\t\t\t\n\t\t\t\t\t\t\n\t\t\t\t\t<\/div>\n\n\t\t\t\t\t<h3 class=\"sa-post-title sa-mb-2\"><a href=\"https:\/\/suis.com\/ceviri\/revised-rehabilitation-design-of-melen-dam-water\/\" title=\"Revised Rehabilitation Design of Melen Dam\">Revised Rehabilitation Design of Melen Dam<\/a><\/h3>\t\t\t\t<\/div>\n\t\t\t<\/div>\n\t\t<\/div>\n\t\t\t\t<div class=\"swiper-slide\">\n\t\t\t<div class=\"sa-post-item sa-d-flex sa-w-100 sa-h-100\">\n\n\t\t\t\t\t\t<div class=\"sa-post-img-wrapper sa-d-flex\">\r\n\t\t\t\t\t\t\t<!-- Extra - Link added in Image -->\r\n\t\t\t\t<a class=\"sa-w-100 sa-h-100\" href=\"https:\/\/suis.com\/ceviri\/dams-portfolio-risk-assessment-and-preparation-of-om-plans-and-epps-for-identified-dams-in-sri-lanka\/\"\r\n\t\t\t\t\ttitle=\"Sri Lanka&#039;da Belirlenen Barajlar i\u00e7in Baraj Portf\u00f6y\u00fc Risk De\u011ferlendirmesi ve \u0130\u015fletme ve Bak\u0131m Planlar\u0131n\u0131n ve epp&#039;lerin Haz\u0131rlanmas\u0131\">\r\n\t\t\t\t\t<img decoding=\"async\" width=\"2560\" height=\"1707\" src=\"https:\/\/suis.com\/wp-content\/uploads\/2024\/03\/ANA_UST-min-9-scaled.jpg\" class=\"sa-post-img\" alt=\"Dams Portfolio Risk Assessment and Preparation of O&#038;M Plans and EPPs for Identified Dams in Sri-Lanka\" srcset=\"https:\/\/suis.com\/wp-content\/uploads\/2024\/03\/ANA_UST-min-9-scaled.jpg 2560w, https:\/\/suis.com\/wp-content\/uploads\/2024\/03\/ANA_UST-min-9-300x200.jpg 300w, https:\/\/suis.com\/wp-content\/uploads\/2024\/03\/ANA_UST-min-9-1024x683.jpg 1024w, https:\/\/suis.com\/wp-content\/uploads\/2024\/03\/ANA_UST-min-9-768x512.jpg 768w, https:\/\/suis.com\/wp-content\/uploads\/2024\/03\/ANA_UST-min-9-1536x1024.jpg 1536w, https:\/\/suis.com\/wp-content\/uploads\/2024\/03\/ANA_UST-min-9-2048x1365.jpg 2048w\" sizes=\"(max-width: 2560px) 100vw, 2560px\" \/>\t\t\t\t<\/a>\r\n\t\t\t\r\n\t\t\t\t\t<\/div>\r\n\t\t\t\t\t\t\t\t\t\t<div class=\"sa-post-content-wrapper sa-w-100 sa-p-4\">\n\t\t\t\t\t<div class=\"sa-post-meta sa-d-flex sa-mb-1\">\n\n\t\t\t\t\t\t\n\t\t\t\t\t\t\n\t\t\t\t\t<\/div>\n\n\t\t\t\t\t<h3 class=\"sa-post-title sa-mb-2\"><a href=\"https:\/\/suis.com\/ceviri\/dams-portfolio-risk-assessment-and-preparation-of-om-plans-and-epps-for-identified-dams-in-sri-lanka\/\" title=\"Sri Lanka&#039;da Belirlenen Barajlar i\u00e7in Baraj Portf\u00f6y\u00fc Risk De\u011ferlendirmesi ve \u0130\u015fletme ve Bak\u0131m Planlar\u0131n\u0131n ve epp&#039;lerin Haz\u0131rlanmas\u0131\">Dams Portfolio Risk Assessment and Preparation of O&#038;M Plans and EPPs for Identified Dams in Sri-Lanka<\/a><\/h3>\t\t\t\t<\/div>\n\t\t\t<\/div>\n\t\t<\/div>\n\t\t\t\t<div class=\"swiper-slide\">\n\t\t\t<div class=\"sa-post-item sa-d-flex sa-w-100 sa-h-100\">\n\n\t\t\t\t\t\t<div class=\"sa-post-img-wrapper sa-d-flex\">\r\n\t\t\t\t\t\t\t<!-- Extra - Link added in Image -->\r\n\t\t\t\t<a class=\"sa-w-100 sa-h-100\" href=\"https:\/\/suis.com\/ceviri\/altinkaya-dam-and-hpp\/\"\r\n\t\t\t\t\ttitle=\"Alt\u0131nkaya Baraj\u0131 ve HES\">\r\n\t\t\t\t\t<img decoding=\"async\" width=\"2560\" height=\"1704\" src=\"https:\/\/suis.com\/wp-content\/uploads\/2024\/03\/ANA_UST-min-10-scaled.jpg\" class=\"sa-post-img\" alt=\"Alt\u0131nkaya Dam and HPP\" srcset=\"https:\/\/suis.com\/wp-content\/uploads\/2024\/03\/ANA_UST-min-10-scaled.jpg 2560w, https:\/\/suis.com\/wp-content\/uploads\/2024\/03\/ANA_UST-min-10-300x200.jpg 300w, https:\/\/suis.com\/wp-content\/uploads\/2024\/03\/ANA_UST-min-10-1024x682.jpg 1024w, https:\/\/suis.com\/wp-content\/uploads\/2024\/03\/ANA_UST-min-10-768x511.jpg 768w, https:\/\/suis.com\/wp-content\/uploads\/2024\/03\/ANA_UST-min-10-1536x1022.jpg 1536w, https:\/\/suis.com\/wp-content\/uploads\/2024\/03\/ANA_UST-min-10-2048x1363.jpg 2048w\" sizes=\"(max-width: 2560px) 100vw, 2560px\" \/>\t\t\t\t<\/a>\r\n\t\t\t\r\n\t\t\t\t\t<\/div>\r\n\t\t\t\t\t\t\t\t\t\t<div class=\"sa-post-content-wrapper sa-w-100 sa-p-4\">\n\t\t\t\t\t<div class=\"sa-post-meta sa-d-flex sa-mb-1\">\n\n\t\t\t\t\t\t\n\t\t\t\t\t\t\n\t\t\t\t\t<\/div>\n\n\t\t\t\t\t<h3 class=\"sa-post-title sa-mb-2\"><a href=\"https:\/\/suis.com\/ceviri\/altinkaya-dam-and-hpp\/\" title=\"Alt\u0131nkaya Baraj\u0131 ve HES\">Alt\u0131nkaya Baraj\u0131 ve HES<\/a><\/h3>\t\t\t\t<\/div>\n\t\t\t<\/div>\n\t\t<\/div>\n\t\t\t\t<div class=\"swiper-slide\">\n\t\t\t<div class=\"sa-post-item sa-d-flex sa-w-100 sa-h-100\">\n\n\t\t\t\t\t\t<div class=\"sa-post-img-wrapper sa-d-flex\">\r\n\t\t\t\t\t\t\t<!-- Extra - Link added in Image -->\r\n\t\t\t\t<a class=\"sa-w-100 sa-h-100\" href=\"https:\/\/suis.com\/ceviri\/revised-rehabilitation-design-of-melen-dam\/\"\r\n\t\t\t\t\ttitle=\"Revised Rehabilitation Design of Melen Dam\">\r\n\t\t\t\t\t<img fetchpriority=\"high\" decoding=\"async\" width=\"2560\" height=\"1707\" src=\"https:\/\/suis.com\/wp-content\/uploads\/2024\/03\/ANA_UST-min-11-scaled.jpg\" class=\"sa-post-img\" alt=\"Revised Rehabilitation Design of Melen Dam\" srcset=\"https:\/\/suis.com\/wp-content\/uploads\/2024\/03\/ANA_UST-min-11-scaled.jpg 2560w, https:\/\/suis.com\/wp-content\/uploads\/2024\/03\/ANA_UST-min-11-300x200.jpg 300w, https:\/\/suis.com\/wp-content\/uploads\/2024\/03\/ANA_UST-min-11-1024x683.jpg 1024w, https:\/\/suis.com\/wp-content\/uploads\/2024\/03\/ANA_UST-min-11-768x512.jpg 768w, https:\/\/suis.com\/wp-content\/uploads\/2024\/03\/ANA_UST-min-11-1536x1024.jpg 1536w, https:\/\/suis.com\/wp-content\/uploads\/2024\/03\/ANA_UST-min-11-2048x1365.jpg 2048w\" sizes=\"(max-width: 2560px) 100vw, 2560px\" \/>\t\t\t\t<\/a>\r\n\t\t\t\r\n\t\t\t\t\t<\/div>\r\n\t\t\t\t\t\t\t\t\t\t<div class=\"sa-post-content-wrapper sa-w-100 sa-p-4\">\n\t\t\t\t\t<div class=\"sa-post-meta sa-d-flex sa-mb-1\">\n\n\t\t\t\t\t\t\n\t\t\t\t\t\t\n\t\t\t\t\t<\/div>\n\n\t\t\t\t\t<h3 class=\"sa-post-title sa-mb-2\"><a href=\"https:\/\/suis.com\/ceviri\/revised-rehabilitation-design-of-melen-dam\/\" title=\"Revised Rehabilitation Design of Melen Dam\">Revised Rehabilitation Design of Melen Dam<\/a><\/h3>\t\t\t\t<\/div>\n\t\t\t<\/div>\n\t\t<\/div>\n\t\t\t\t<div class=\"swiper-slide\">\n\t\t\t<div class=\"sa-post-item sa-d-flex sa-w-100 sa-h-100\">\n\n\t\t\t\t\t\t<div class=\"sa-post-img-wrapper sa-d-flex\">\r\n\t\t\t\t\t\t\t<!-- Extra - Link added in Image -->\r\n\t\t\t\t<a class=\"sa-w-100 sa-h-100\" href=\"https:\/\/suis.com\/ceviri\/identification-of-possible-earthquake-damages-on-dams-supplying-potable-water-for-istanbul\/\"\r\n\t\t\t\t\ttitle=\"Identification of Possible Earthquake Damages on Dams Supplying Potable Water for Istanbul\">\r\n\t\t\t\t\t<img loading=\"lazy\" decoding=\"async\" width=\"1280\" height=\"720\" src=\"https:\/\/suis.com\/wp-content\/uploads\/2024\/03\/ANA_UST-min-12.jpg\" class=\"sa-post-img\" alt=\"Identification of Possible Earthquake Damages on Dams Supplying Potable Water for Istanbul\" srcset=\"https:\/\/suis.com\/wp-content\/uploads\/2024\/03\/ANA_UST-min-12.jpg 1280w, https:\/\/suis.com\/wp-content\/uploads\/2024\/03\/ANA_UST-min-12-300x169.jpg 300w, https:\/\/suis.com\/wp-content\/uploads\/2024\/03\/ANA_UST-min-12-1024x576.jpg 1024w, https:\/\/suis.com\/wp-content\/uploads\/2024\/03\/ANA_UST-min-12-768x432.jpg 768w\" sizes=\"(max-width: 1280px) 100vw, 1280px\" \/>\t\t\t\t<\/a>\r\n\t\t\t\r\n\t\t\t\t\t<\/div>\r\n\t\t\t\t\t\t\t\t\t\t<div class=\"sa-post-content-wrapper sa-w-100 sa-p-4\">\n\t\t\t\t\t<div class=\"sa-post-meta sa-d-flex sa-mb-1\">\n\n\t\t\t\t\t\t\n\t\t\t\t\t\t\n\t\t\t\t\t<\/div>\n\n\t\t\t\t\t<h3 class=\"sa-post-title sa-mb-2\"><a href=\"https:\/\/suis.com\/ceviri\/identification-of-possible-earthquake-damages-on-dams-supplying-potable-water-for-istanbul\/\" title=\"Identification of Possible Earthquake Damages on Dams Supplying Potable Water for Istanbul\">Identification of Possible Earthquake Damages on Dams Supplying Potable Water for Istanbul<\/a><\/h3>\t\t\t\t<\/div>\n\t\t\t<\/div>\n\t\t<\/div>\n\t\t\t\t<div class=\"swiper-slide\">\n\t\t\t<div class=\"sa-post-item sa-d-flex sa-w-100 sa-h-100\">\n\n\t\t\t\t\t\t<div class=\"sa-post-img-wrapper sa-d-flex\">\r\n\t\t\t\t\t\t\t<!-- Extra - Link added in Image -->\r\n\t\t\t\t<a class=\"sa-w-100 sa-h-100\" href=\"https:\/\/suis.com\/ceviri\/hasan-ugurlu-dam-and-hpp\/\"\r\n\t\t\t\t\ttitle=\"Hasan U\u011furlu Dam and HPP\">\r\n\t\t\t\t\t<img loading=\"lazy\" decoding=\"async\" width=\"2560\" height=\"1440\" src=\"https:\/\/suis.com\/wp-content\/uploads\/2024\/03\/ANA_UST-min-13-scaled.jpg\" class=\"sa-post-img\" alt=\"Hasan U\u011furlu Dam and HPP\" srcset=\"https:\/\/suis.com\/wp-content\/uploads\/2024\/03\/ANA_UST-min-13-scaled.jpg 2560w, https:\/\/suis.com\/wp-content\/uploads\/2024\/03\/ANA_UST-min-13-300x169.jpg 300w, https:\/\/suis.com\/wp-content\/uploads\/2024\/03\/ANA_UST-min-13-1024x576.jpg 1024w, https:\/\/suis.com\/wp-content\/uploads\/2024\/03\/ANA_UST-min-13-768x432.jpg 768w, https:\/\/suis.com\/wp-content\/uploads\/2024\/03\/ANA_UST-min-13-1536x864.jpg 1536w, https:\/\/suis.com\/wp-content\/uploads\/2024\/03\/ANA_UST-min-13-2048x1152.jpg 2048w\" sizes=\"(max-width: 2560px) 100vw, 2560px\" \/>\t\t\t\t<\/a>\r\n\t\t\t\r\n\t\t\t\t\t<\/div>\r\n\t\t\t\t\t\t\t\t\t\t<div class=\"sa-post-content-wrapper sa-w-100 sa-p-4\">\n\t\t\t\t\t<div class=\"sa-post-meta sa-d-flex sa-mb-1\">\n\n\t\t\t\t\t\t\n\t\t\t\t\t\t\n\t\t\t\t\t<\/div>\n\n\t\t\t\t\t<h3 class=\"sa-post-title sa-mb-2\"><a href=\"https:\/\/suis.com\/ceviri\/hasan-ugurlu-dam-and-hpp\/\" title=\"Hasan U\u011furlu Dam and HPP\">Hasan U\u011furlu Dam and HPP<\/a><\/h3>\t\t\t\t<\/div>\n\t\t\t<\/div>\n\t\t<\/div>\n\t\t        <\/div>\r\n        <\/div>\r\n\r\n                <!-- If we need navigation buttons -->\r\n        <div class=\"sa-swiper-button-prev sa-slider-navigation sa-icon-wrap\">\r\n                            <svg xmlns=\"http:\/\/www.w3.org\/2000\/svg\" viewbox=\"0 0 27 44\">\r\n                    <path d=\"M0,22L22,0l2.1,2.1L4.2,22l19.9,19.9L22,44L0,22L0,22L0,22z\">\r\n                <\/svg>\r\n            \r\n        <\/div>\r\n        <div class=\"sa-swiper-button-next sa-slider-navigation sa-icon-wrap\">\r\n                            <svg xmlns=\"http:\/\/www.w3.org\/2000\/svg\" viewbox=\"0 0 27 44\">\r\n                    <path d=\"M27,22L27,22L5,44l-2.1-2.1L22.8,22L2.9,2.1L5,0L27,22L27,22z\">\r\n                <\/svg>\r\n                    <\/div>\r\n            <!-- If we need pagination -->\r\n        <div class=\"swiper-pagination\"><\/div>\r\n            <\/div>\r\n\t\t<\/div>\n\t\t\t\t<\/div>\n\t\t\t\t\t<\/div>\n\t\t\t\t<\/div>\n\t\t\t\t<\/div>","protected":false},"excerpt":{"rendered":"<p>Dams &#038; Hdyropower Dams &amp; Hdyropower As a pioneer in the design of dams and large hydraulic structures, Sui\u015f Proje offers added value and sustainable solutions for investments that meet technical, operational and economic expectations. To date, we have provided feasibility, detailed design and construction supervision services for more than 100 dams and hydroelectric power [&hellip;]<\/p>","protected":false},"author":1,"featured_media":0,"parent":0,"menu_order":0,"comment_status":"closed","ping_status":"closed","template":"elementor_header_footer","meta":{"_acf_changed":false,"footnotes":""},"acf":[],"_links":{"self":[{"href":"https:\/\/suis.com\/ceviri\/wp-json\/wp\/v2\/pages\/7412"}],"collection":[{"href":"https:\/\/suis.com\/ceviri\/wp-json\/wp\/v2\/pages"}],"about":[{"href":"https:\/\/suis.com\/ceviri\/wp-json\/wp\/v2\/types\/page"}],"author":[{"embeddable":true,"href":"https:\/\/suis.com\/ceviri\/wp-json\/wp\/v2\/users\/1"}],"replies":[{"embeddable":true,"href":"https:\/\/suis.com\/ceviri\/wp-json\/wp\/v2\/comments?post=7412"}],"version-history":[{"count":25,"href":"https:\/\/suis.com\/ceviri\/wp-json\/wp\/v2\/pages\/7412\/revisions"}],"predecessor-version":[{"id":9305,"href":"https:\/\/suis.com\/ceviri\/wp-json\/wp\/v2\/pages\/7412\/revisions\/9305"}],"wp:attachment":[{"href":"https:\/\/suis.com\/ceviri\/wp-json\/wp\/v2\/media?parent=7412"}],"curies":[{"name":"wp","href":"https:\/\/api.w.org\/{rel}","templated":true}]}}